{"id":3497,"date":"2026-03-23T11:16:02","date_gmt":"2026-03-23T11:16:02","guid":{"rendered":"https:\/\/educaredigital.online\/loja\/produto\/barril-pirata\/"},"modified":"2026-04-27T11:49:15","modified_gmt":"2026-04-27T11:49:15","slug":"barril-pirata","status":"publish","type":"product","link":"https:\/\/educaredigital.online\/loja\/produto\/barril-pirata\/","title":{"rendered":"Barril Pirata"},"content":{"rendered":"<p><strong>Barril Pirata<\/strong>\u00a0\u00e9 um jogo de a\u00e7\u00e3o e sorte composto por um\u00a0<strong>barril de pl\u00e1stico<\/strong>, um\u00a0<strong>boneco de pirata<\/strong>\u00a0e diversas\u00a0<strong>espadas ou adagas coloridas<\/strong>\u00a0. O objetivo \u00e9 simples: os jogadores se revezam inserindo as espadas nos orif\u00edcios do barril, tomando cuidado para n\u00e3o serem os respons\u00e1veis por fazer o pirata saltar para fora\u00a0. O mecanismo \u00e9 totalmente mec\u00e2nico e aleat\u00f3rio, garantindo que o momento do pulo seja uma surpresa a cada partida\u00a0.<\/p>\n<div class=\"details-table-wrapper\">\n<table class=\"product-details-table\">\n<tbody>\n<tr>\n<td>Marca<\/td>\n<td>Pais e Filhos<\/td>\n<\/tr>\n<tr>\n<td>Material<\/td>\n<td>Pl\u00e1stico<\/td>\n<\/tr>\n<tr>\n<td>Faixa Et\u00e1ria<\/td>\n<td>A partir de 4 Anos<\/td>\n<\/tr>\n<tr>\n<td>Quantidade De Jogadores<\/td>\n<td>At\u00e9 4 Jogadores<\/td>\n<\/tr>\n<\/tbody>\n<\/table>\n<\/div>\n","protected":false},"excerpt":{"rendered":"<p>Barril Pirata\u00a0\u00e9 um jogo de a\u00e7\u00e3o e sorte composto por um\u00a0barril de pl\u00e1stico, um\u00a0boneco de pirata\u00a0e diversas\u00a0espadas ou adagas coloridas\u00a0. O objetivo \u00e9 simples: os jogadores se revezam inserindo as espadas nos orif\u00edcios do barril, tomando cuidado para n\u00e3o serem<\/p>\n","protected":false},"featured_media":3496,"comment_status":"open","ping_status":"closed","template":"","meta":[],"product_brand":[233],"product_cat":[213],"product_tag":[],"class_list":{"0":"post-3497","1":"product","2":"type-product","3":"status-publish","6":"product_brand-pais-e-filhos","7":"product_cat-brinquedos-jogos-e-brinquedos","9":"first","10":"instock","11":"shipping-taxable","12":"purchasable","13":"product-type-simple"},"_links":{"self":[{"href":"https:\/\/educaredigital.online\/loja\/wp-json\/wp\/v2\/product\/3497","targetHints":{"allow":["GET"]}}],"collection":[{"href":"https:\/\/educaredigital.online\/loja\/wp-json\/wp\/v2\/product"}],"about":[{"href":"https:\/\/educaredigital.online\/loja\/wp-json\/wp\/v2\/types\/product"}],"replies":[{"embeddable":true,"href":"https:\/\/educaredigital.online\/loja\/wp-json\/wp\/v2\/comments?post=3497"}],"wp:featuredmedia":[{"embeddable":true,"href":"https:\/\/educaredigital.online\/loja\/wp-json\/wp\/v2\/media\/3496"}],"wp:attachment":[{"href":"https:\/\/educaredigital.online\/loja\/wp-json\/wp\/v2\/media?parent=3497"}],"wp:term":[{"taxonomy":"product_brand","embeddable":true,"href":"https:\/\/educaredigital.online\/loja\/wp-json\/wp\/v2\/product_brand?post=3497"},{"taxonomy":"product_cat","embeddable":true,"href":"https:\/\/educaredigital.online\/loja\/wp-json\/wp\/v2\/product_cat?post=3497"},{"taxonomy":"product_tag","embeddable":true,"href":"https:\/\/educaredigital.online\/loja\/wp-json\/wp\/v2\/product_tag?post=3497"}],"curies":[{"name":"wp","href":"https:\/\/api.w.org\/{rel}","templated":true}]}}