{"id":3495,"date":"2026-03-23T11:16:00","date_gmt":"2026-03-23T11:16:00","guid":{"rendered":"https:\/\/educaredigital.online\/loja\/produto\/caca-palavras\/"},"modified":"2026-04-27T20:59:49","modified_gmt":"2026-04-27T20:59:49","slug":"caca-palavras","status":"publish","type":"product","link":"https:\/\/educaredigital.online\/loja\/produto\/caca-palavras\/","title":{"rendered":"Ca\u00e7a Palavras"},"content":{"rendered":"<p class=\"ds-markdown-paragraph\"><strong>Ca\u00e7a Palavras<\/strong> \u00e9 um jogo de tabuleiro que transforma a busca por palavras em um desafio emocionante contra o tempo. A partida utiliza uma roleta que dita as regras e uma ampulheta que conta os segundos: os participantes devem encontrar ou formar palavras (conforme a varia\u00e7\u00e3o da din\u00e2mica) antes que o tempo acabe. Para isso, o jogo acompanha 2 cartelas, 2 canetas apag\u00e1veis e 2 apagadores, permitindo que as palavras sejam escritas e reescritas in\u00fameras vezes.<\/p>\n<p class=\"ds-markdown-paragraph\">Pertencente \u00e0\u00a0<strong>Linha S\u00eanior<\/strong> da marca, o jogo foi desenvolvido para manter a mente ativa em todas as idades,\u00a0at\u00e9 adultos e idosos. Mais do que uma disputa, o Ca\u00e7a Palavras \u00e9 uma ferramenta educativa que auxilia no desenvolvimento do\u00a0<strong>racioc\u00ednio l\u00f3gico, da percep\u00e7\u00e3o visual, da coordena\u00e7\u00e3o motora, da fala e da concentra\u00e7\u00e3o<\/strong>. Com componentes de letras grandes e canetas que facilitam o uso, \u00e9 uma excelente op\u00e7\u00e3o para momentos de intera\u00e7\u00e3o entre gera\u00e7\u00f5es, seja em fam\u00edlia, entre amigos ou at\u00e9 em atividades terap\u00eauticas.<\/p>\n<div class=\"details-table-wrapper\">\n<table class=\"product-details-table\">\n<tbody>\n<tr>\n<td>Marca<\/td>\n<td>Pais e Filhos<\/td>\n<\/tr>\n<tr>\n<td>Material<\/td>\n<td>Papel Cart\u00e3o<\/td>\n<\/tr>\n<tr>\n<td>Faixa Et\u00e1ria<\/td>\n<td>A partir de 4 Anos<\/td>\n<\/tr>\n<tr>\n<td>Quantidade De Jogadores<\/td>\n<td>2 Jogadores<\/td>\n<\/tr>\n<\/tbody>\n<\/table>\n<\/div>\n","protected":false},"excerpt":{"rendered":"<p>Ca\u00e7a Palavras \u00e9 um jogo de tabuleiro que transforma a busca por palavras em um desafio emocionante contra o tempo. A partida utiliza uma roleta que dita as regras e uma ampulheta que conta os segundos: os participantes devem encontrar<\/p>\n","protected":false},"featured_media":3494,"comment_status":"open","ping_status":"closed","template":"","meta":[],"product_brand":[233],"product_cat":[209],"product_tag":[],"class_list":{"0":"post-3495","1":"product","2":"type-product","3":"status-publish","6":"product_brand-pais-e-filhos","7":"product_cat-letramento-jogos-e-brinquedos","9":"first","10":"instock","11":"shipping-taxable","12":"purchasable","13":"product-type-simple"},"_links":{"self":[{"href":"https:\/\/educaredigital.online\/loja\/wp-json\/wp\/v2\/product\/3495","targetHints":{"allow":["GET"]}}],"collection":[{"href":"https:\/\/educaredigital.online\/loja\/wp-json\/wp\/v2\/product"}],"about":[{"href":"https:\/\/educaredigital.online\/loja\/wp-json\/wp\/v2\/types\/product"}],"replies":[{"embeddable":true,"href":"https:\/\/educaredigital.online\/loja\/wp-json\/wp\/v2\/comments?post=3495"}],"wp:featuredmedia":[{"embeddable":true,"href":"https:\/\/educaredigital.online\/loja\/wp-json\/wp\/v2\/media\/3494"}],"wp:attachment":[{"href":"https:\/\/educaredigital.online\/loja\/wp-json\/wp\/v2\/media?parent=3495"}],"wp:term":[{"taxonomy":"product_brand","embeddable":true,"href":"https:\/\/educaredigital.online\/loja\/wp-json\/wp\/v2\/product_brand?post=3495"},{"taxonomy":"product_cat","embeddable":true,"href":"https:\/\/educaredigital.online\/loja\/wp-json\/wp\/v2\/product_cat?post=3495"},{"taxonomy":"product_tag","embeddable":true,"href":"https:\/\/educaredigital.online\/loja\/wp-json\/wp\/v2\/product_tag?post=3495"}],"curies":[{"name":"wp","href":"https:\/\/api.w.org\/{rel}","templated":true}]}}