{"id":3493,"date":"2026-03-23T11:15:56","date_gmt":"2026-03-23T11:15:56","guid":{"rendered":"https:\/\/educaredigital.online\/loja\/produto\/letras-e-numeros-mickey-e-seus-amigos\/"},"modified":"2026-04-27T21:02:06","modified_gmt":"2026-04-27T21:02:06","slug":"letras-e-numeros-mickey-e-seus-amigos","status":"publish","type":"product","link":"https:\/\/educaredigital.online\/loja\/produto\/letras-e-numeros-mickey-e-seus-amigos\/","title":{"rendered":"Letras e N\u00fameros Mickey e Seus Amigos"},"content":{"rendered":"<div class=\"ds-message _63c77b1\">\n<div class=\"ds-markdown\">\n<p class=\"ds-markdown-paragraph\"><strong>Jogo Letras e N\u00fameros Mickey e Seus Amigos<\/strong>, \u00e9 um brinquedo pedag\u00f3gico licenciado da Disney que une o aprendizado b\u00e1sico ao universo encantador do personagem,\u00a0ele oferece\u00a0<strong>16 atividades divertidas<\/strong>\u00a0com o objetivo de apoiar o letramento e o racioc\u00ednio matem\u00e1tico na primeira inf\u00e2ncia. Composto por pl\u00e1stico, papel cart\u00e3o e tecido, seu conte\u00fado permite que os pequenos pratiquem o tra\u00e7ado de letras e n\u00fameros repetidamente, associando cada grafia a imagens ilustradas dos personagens.<\/p>\n<p class=\"ds-markdown-paragraph\">Mais do que uma simples atividade de caligrafia, este jogo estimula diversas habilidades essenciais para o desenvolvimento infantil. Ao manusear as pe\u00e7as e realizar as associa\u00e7\u00f5es, a crian\u00e7a desenvolve a\u00a0<strong>coordena\u00e7\u00e3o motora fina, a percep\u00e7\u00e3o visual e t\u00e1til, a concentra\u00e7\u00e3o e o racioc\u00ednio l\u00f3gico<\/strong>. Ajuda tamb\u00e9m a\u00a0<strong>reconhecer caracteres alfab\u00e9ticos e num\u00e9ricos, associar letras a imagens e ampliar o vocabul\u00e1rio<\/strong> de forma l\u00fadica, transformando o momento de estudo em uma brincadeira cativante que pode ser realizada individualmente e acompanhada pelos pais e respons\u00e1veis.<\/p>\n<\/div>\n<\/div>\n<div class=\"details-table-wrapper\">\n<table class=\"product-details-table\">\n<tbody>\n<tr>\n<td>Marca<\/td>\n<td>Pais e Filhos<\/td>\n<\/tr>\n<tr>\n<td>Material<\/td>\n<td>Papel Cart\u00e3o e Pl\u00e1stico<\/td>\n<\/tr>\n<tr>\n<td>Faixa Et\u00e1ria<\/td>\n<td>A partir de 4 Anos<\/td>\n<\/tr>\n<\/tbody>\n<\/table>\n<\/div>\n","protected":false},"excerpt":{"rendered":"<p>Jogo Letras e N\u00fameros Mickey e Seus Amigos, \u00e9 um brinquedo pedag\u00f3gico licenciado da Disney que une o aprendizado b\u00e1sico ao universo encantador do personagem,\u00a0ele oferece\u00a016 atividades divertidas\u00a0com o objetivo de apoiar o letramento e o racioc\u00ednio matem\u00e1tico na primeira<\/p>\n","protected":false},"featured_media":3492,"comment_status":"open","ping_status":"closed","template":"","meta":[],"product_brand":[233],"product_cat":[209],"product_tag":[],"class_list":{"0":"post-3493","1":"product","2":"type-product","3":"status-publish","6":"product_brand-pais-e-filhos","7":"product_cat-letramento-jogos-e-brinquedos","9":"first","10":"instock","11":"shipping-taxable","12":"purchasable","13":"product-type-simple"},"_links":{"self":[{"href":"https:\/\/educaredigital.online\/loja\/wp-json\/wp\/v2\/product\/3493","targetHints":{"allow":["GET"]}}],"collection":[{"href":"https:\/\/educaredigital.online\/loja\/wp-json\/wp\/v2\/product"}],"about":[{"href":"https:\/\/educaredigital.online\/loja\/wp-json\/wp\/v2\/types\/product"}],"replies":[{"embeddable":true,"href":"https:\/\/educaredigital.online\/loja\/wp-json\/wp\/v2\/comments?post=3493"}],"wp:featuredmedia":[{"embeddable":true,"href":"https:\/\/educaredigital.online\/loja\/wp-json\/wp\/v2\/media\/3492"}],"wp:attachment":[{"href":"https:\/\/educaredigital.online\/loja\/wp-json\/wp\/v2\/media?parent=3493"}],"wp:term":[{"taxonomy":"product_brand","embeddable":true,"href":"https:\/\/educaredigital.online\/loja\/wp-json\/wp\/v2\/product_brand?post=3493"},{"taxonomy":"product_cat","embeddable":true,"href":"https:\/\/educaredigital.online\/loja\/wp-json\/wp\/v2\/product_cat?post=3493"},{"taxonomy":"product_tag","embeddable":true,"href":"https:\/\/educaredigital.online\/loja\/wp-json\/wp\/v2\/product_tag?post=3493"}],"curies":[{"name":"wp","href":"https:\/\/api.w.org\/{rel}","templated":true}]}}