{"id":3491,"date":"2026-03-23T11:15:54","date_gmt":"2026-03-23T11:15:54","guid":{"rendered":"https:\/\/educaredigital.online\/loja\/produto\/decifrando-enigmas\/"},"modified":"2026-04-27T21:03:56","modified_gmt":"2026-04-27T21:03:56","slug":"decifrando-enigmas","status":"publish","type":"product","link":"https:\/\/educaredigital.online\/loja\/produto\/decifrando-enigmas\/","title":{"rendered":"Decifrando Enigmas"},"content":{"rendered":"<div class=\"ds-message _63c77b1\">\n<div class=\"ds-markdown\">\n<p class=\"ds-markdown-paragraph\"><strong>Decifrando Enigmas<\/strong>, \u00e9 uma aventura interativa que desafia os participantes a desvendar palavras secretas por meio de sistemas de pistas, combinando o aprendizado do alfabeto com o fasc\u00ednio do c\u00f3digo Morse. O jogo acompanha <strong>40 cartelas de desafio e 40 cartas de resposta<\/strong>, al\u00e9m de um tabuleiro de refer\u00eancia com o alfabeto, um tabuleiro de pontos, quatro canetas apag\u00e1veis, um apagador e uma ampulheta. Com\u00a0<strong>tr\u00eas n\u00edveis de dificuldade<\/strong>\u00a0e uma cartela de refer\u00eancia que apresenta o c\u00f3digo Morse tradicional, uma vers\u00e3o estilizada e imagens associativas, a brincadeira se mant\u00e9m desafiadora e fresca a cada rodada, exigindo aten\u00e7\u00e3o, an\u00e1lise e uma pitada de pensamento estrat\u00e9gico para chegar \u00e0 solu\u00e7\u00e3o correta.<\/p>\n<p class=\"ds-markdown-paragraph\">Ideal para estimular a mente e a criatividade, o jogo promove a intera\u00e7\u00e3o entre pais e filhos, trabalhando habilidades essenciais como percep\u00e7\u00e3o visual, alfabetiza\u00e7\u00e3o, racioc\u00ednio l\u00f3gico, concentra\u00e7\u00e3o e aten\u00e7\u00e3o, o que permite tanto partidas solo quanto momentos de integra\u00e7\u00e3o em grupo. Ao transformar a decodifica\u00e7\u00e3o de mist\u00e9rios em uma disputa emocionante, o &#8220;Decifrando Enigmas&#8221; \u00e9 a ferramenta perfeita para desenvolver o pensamento anal\u00edtico de forma l\u00fadica e engajadora, garantindo divers\u00e3o que estimula o c\u00e9rebro bem longe das telas.<\/p>\n<\/div>\n<\/div>\n<div class=\"details-table-wrapper\">\n<table class=\"product-details-table\">\n<tbody>\n<tr>\n<td>Marca<\/td>\n<td>Pais e Filhos<\/td>\n<\/tr>\n<tr>\n<td>Material<\/td>\n<td>\u00a0Papel Cart\u00e3o, Poliestireno e Tecido<\/td>\n<\/tr>\n<tr>\n<td>Faixa Et\u00e1ria<\/td>\n<td>A partir de 6 Anos<\/td>\n<\/tr>\n<tr>\n<td>Quantidade De Jogadores<\/td>\n<td>1 a 4 Jogadores<\/td>\n<\/tr>\n<\/tbody>\n<\/table>\n<\/div>\n","protected":false},"excerpt":{"rendered":"<p>Decifrando Enigmas, \u00e9 uma aventura interativa que desafia os participantes a desvendar palavras secretas por meio de sistemas de pistas, combinando o aprendizado do alfabeto com o fasc\u00ednio do c\u00f3digo Morse. O jogo acompanha 40 cartelas de desafio e 40<\/p>\n","protected":false},"featured_media":3490,"comment_status":"open","ping_status":"closed","template":"","meta":[],"product_brand":[233],"product_cat":[209],"product_tag":[],"class_list":{"0":"post-3491","1":"product","2":"type-product","3":"status-publish","6":"product_brand-pais-e-filhos","7":"product_cat-letramento-jogos-e-brinquedos","9":"first","10":"instock","11":"shipping-taxable","12":"purchasable","13":"product-type-simple"},"_links":{"self":[{"href":"https:\/\/educaredigital.online\/loja\/wp-json\/wp\/v2\/product\/3491","targetHints":{"allow":["GET"]}}],"collection":[{"href":"https:\/\/educaredigital.online\/loja\/wp-json\/wp\/v2\/product"}],"about":[{"href":"https:\/\/educaredigital.online\/loja\/wp-json\/wp\/v2\/types\/product"}],"replies":[{"embeddable":true,"href":"https:\/\/educaredigital.online\/loja\/wp-json\/wp\/v2\/comments?post=3491"}],"wp:featuredmedia":[{"embeddable":true,"href":"https:\/\/educaredigital.online\/loja\/wp-json\/wp\/v2\/media\/3490"}],"wp:attachment":[{"href":"https:\/\/educaredigital.online\/loja\/wp-json\/wp\/v2\/media?parent=3491"}],"wp:term":[{"taxonomy":"product_brand","embeddable":true,"href":"https:\/\/educaredigital.online\/loja\/wp-json\/wp\/v2\/product_brand?post=3491"},{"taxonomy":"product_cat","embeddable":true,"href":"https:\/\/educaredigital.online\/loja\/wp-json\/wp\/v2\/product_cat?post=3491"},{"taxonomy":"product_tag","embeddable":true,"href":"https:\/\/educaredigital.online\/loja\/wp-json\/wp\/v2\/product_tag?post=3491"}],"curies":[{"name":"wp","href":"https:\/\/api.w.org\/{rel}","templated":true}]}}