{"id":3489,"date":"2026-03-23T11:15:52","date_gmt":"2026-03-23T11:15:52","guid":{"rendered":"https:\/\/educaredigital.online\/loja\/produto\/puxou-caiu\/"},"modified":"2026-04-27T21:05:51","modified_gmt":"2026-04-27T21:05:51","slug":"puxou-caiu","status":"publish","type":"product","link":"https:\/\/educaredigital.online\/loja\/produto\/puxou-caiu\/","title":{"rendered":"Puxou Caiu"},"content":{"rendered":"<p class=\"ds-markdown-paragraph\"><strong>Puxou Caiu<\/strong>, \u00e9 um desafio de equil\u00edbrio onde a regra \u00e9 simples: puxe a pe\u00e7a com cuidado\u2026 sem deixar a torre desabar. Na torre, as bolinhas ficam apoiadas sobre as varetas coloridas e, quando chega a sua vez, voc\u00ea gira uma roleta e remove a vareta da cor sorteada. Se as bolinhas ca\u00edrem ao retirar o palito, voc\u00ea fica com elas. Vence quem terminar o jogo com o menor n\u00famero de bolinhas e mais palitos na m\u00e3o.<\/p>\n<p class=\"ds-markdown-paragraph\">O jogo vem com 1 torre, 1 base, 31 palitos, 15 bolinhas e 1 roleta. Cada partida dura cerca de <strong>20 minutos<\/strong>, e momentos de tens\u00e3o e risadas s\u00e3o garantidos. Ao exigir aten\u00e7\u00e3o, planejamento e uma m\u00e3o firme, o jogo estimula a\u00a0<strong>coordena\u00e7\u00e3o motora<\/strong>\u00a0e a\u00a0<strong>tomada de decis\u00e3o sob press\u00e3o<\/strong>, sendo a op\u00e7\u00e3o perfeita para desafiar a fam\u00edlia e os amigos em disputas emocionantes.<\/p>\n<div class=\"details-table-wrapper\">\n<table class=\"product-details-table\">\n<tbody>\n<tr>\n<td>Marca<\/td>\n<td>Pais e Filhos<\/td>\n<\/tr>\n<tr>\n<td>Material<\/td>\n<td>Papel Cart\u00e3o e Resina Termopl\u00e1stica<\/td>\n<\/tr>\n<tr>\n<td>Faixa Et\u00e1ria<\/td>\n<td>A partir de 6 Anos<\/td>\n<\/tr>\n<tr>\n<td>Quantidade De Jogadores<\/td>\n<td>2 a 4 Jogadores<\/td>\n<\/tr>\n<\/tbody>\n<\/table>\n<\/div>\n","protected":false},"excerpt":{"rendered":"<p>Puxou Caiu, \u00e9 um desafio de equil\u00edbrio onde a regra \u00e9 simples: puxe a pe\u00e7a com cuidado\u2026 sem deixar a torre desabar. Na torre, as bolinhas ficam apoiadas sobre as varetas coloridas e, quando chega a sua vez, voc\u00ea gira<\/p>\n","protected":false},"featured_media":3488,"comment_status":"open","ping_status":"closed","template":"","meta":[],"product_brand":[233],"product_cat":[211],"product_tag":[],"class_list":{"0":"post-3489","1":"product","2":"type-product","3":"status-publish","6":"product_brand-pais-e-filhos","7":"product_cat-psicomotricidade-jogos-e-brinquedos","9":"first","10":"instock","11":"shipping-taxable","12":"purchasable","13":"product-type-simple"},"_links":{"self":[{"href":"https:\/\/educaredigital.online\/loja\/wp-json\/wp\/v2\/product\/3489","targetHints":{"allow":["GET"]}}],"collection":[{"href":"https:\/\/educaredigital.online\/loja\/wp-json\/wp\/v2\/product"}],"about":[{"href":"https:\/\/educaredigital.online\/loja\/wp-json\/wp\/v2\/types\/product"}],"replies":[{"embeddable":true,"href":"https:\/\/educaredigital.online\/loja\/wp-json\/wp\/v2\/comments?post=3489"}],"wp:featuredmedia":[{"embeddable":true,"href":"https:\/\/educaredigital.online\/loja\/wp-json\/wp\/v2\/media\/3488"}],"wp:attachment":[{"href":"https:\/\/educaredigital.online\/loja\/wp-json\/wp\/v2\/media?parent=3489"}],"wp:term":[{"taxonomy":"product_brand","embeddable":true,"href":"https:\/\/educaredigital.online\/loja\/wp-json\/wp\/v2\/product_brand?post=3489"},{"taxonomy":"product_cat","embeddable":true,"href":"https:\/\/educaredigital.online\/loja\/wp-json\/wp\/v2\/product_cat?post=3489"},{"taxonomy":"product_tag","embeddable":true,"href":"https:\/\/educaredigital.online\/loja\/wp-json\/wp\/v2\/product_tag?post=3489"}],"curies":[{"name":"wp","href":"https:\/\/api.w.org\/{rel}","templated":true}]}}