{"id":3483,"date":"2026-03-23T11:15:47","date_gmt":"2026-03-23T11:15:47","guid":{"rendered":"https:\/\/educaredigital.online\/loja\/produto\/kit-dino-4-pc\/"},"modified":"2026-04-27T14:52:58","modified_gmt":"2026-04-27T14:52:58","slug":"kit-dino-4-pc","status":"publish","type":"product","link":"https:\/\/educaredigital.online\/loja\/produto\/kit-dino-4-pc\/","title":{"rendered":"KIit Dino 4 Pe\u00e7as"},"content":{"rendered":"<div class=\"ds-message _63c77b1\">\n<div class=\"ds-markdown\">\n<p class=\"ds-markdown-paragraph\"><strong>Kit Dino <\/strong>\u00a0\u00e9 um conjunto com\u00a0<strong>4 pe\u00e7as de dinossauros em miniatura<\/strong>, geralmente inclui modelos como <strong>Tiranossauro Rex, Triceratops, Estegossauro e Velociraptor<\/strong>, com detalhes que estimulam o conhecimento sobre a era pr\u00e9-hist\u00f3rica e o faz de conta. Por conter pe\u00e7as pequenas, o produto segue o alerta na embalagem de que\u00a0<strong>n\u00e3o \u00e9 recomendado para menores de 3 anos<\/strong> devido ao risco de aspira\u00e7\u00e3o ou engolimento das figuras.<\/p>\n<div class=\"details-table-wrapper\">\n<table class=\"product-details-table\">\n<tbody>\n<tr>\n<td>Marca<\/td>\n<td>Coluna<\/td>\n<\/tr>\n<tr>\n<td>Material<\/td>\n<td>Pl\u00e1stico<\/td>\n<\/tr>\n<tr>\n<td>Faixa Et\u00e1ria<\/td>\n<td>A partir de 3 Anos<\/td>\n<\/tr>\n<\/tbody>\n<\/table>\n<\/div>\n<\/div>\n<\/div>\n","protected":false},"excerpt":{"rendered":"<p>Kit Dino \u00a0\u00e9 um conjunto com\u00a04 pe\u00e7as de dinossauros em miniatura, geralmente inclui modelos como Tiranossauro Rex, Triceratops, Estegossauro e Velociraptor, com detalhes que estimulam o conhecimento sobre a era pr\u00e9-hist\u00f3rica e o faz de conta. Por conter pe\u00e7as pequenas,<\/p>\n","protected":false},"featured_media":3482,"comment_status":"open","ping_status":"closed","template":"","meta":[],"product_brand":[233],"product_cat":[213],"product_tag":[],"class_list":{"0":"post-3483","1":"product","2":"type-product","3":"status-publish","6":"product_brand-pais-e-filhos","7":"product_cat-brinquedos-jogos-e-brinquedos","9":"first","10":"instock","11":"shipping-taxable","12":"purchasable","13":"product-type-simple"},"_links":{"self":[{"href":"https:\/\/educaredigital.online\/loja\/wp-json\/wp\/v2\/product\/3483","targetHints":{"allow":["GET"]}}],"collection":[{"href":"https:\/\/educaredigital.online\/loja\/wp-json\/wp\/v2\/product"}],"about":[{"href":"https:\/\/educaredigital.online\/loja\/wp-json\/wp\/v2\/types\/product"}],"replies":[{"embeddable":true,"href":"https:\/\/educaredigital.online\/loja\/wp-json\/wp\/v2\/comments?post=3483"}],"wp:featuredmedia":[{"embeddable":true,"href":"https:\/\/educaredigital.online\/loja\/wp-json\/wp\/v2\/media\/3482"}],"wp:attachment":[{"href":"https:\/\/educaredigital.online\/loja\/wp-json\/wp\/v2\/media?parent=3483"}],"wp:term":[{"taxonomy":"product_brand","embeddable":true,"href":"https:\/\/educaredigital.online\/loja\/wp-json\/wp\/v2\/product_brand?post=3483"},{"taxonomy":"product_cat","embeddable":true,"href":"https:\/\/educaredigital.online\/loja\/wp-json\/wp\/v2\/product_cat?post=3483"},{"taxonomy":"product_tag","embeddable":true,"href":"https:\/\/educaredigital.online\/loja\/wp-json\/wp\/v2\/product_tag?post=3483"}],"curies":[{"name":"wp","href":"https:\/\/api.w.org\/{rel}","templated":true}]}}