{"id":3481,"date":"2026-03-23T11:15:45","date_gmt":"2026-03-23T11:15:45","guid":{"rendered":"https:\/\/educaredigital.online\/loja\/produto\/kit-animais-da-selva\/"},"modified":"2026-04-27T14:53:07","modified_gmt":"2026-04-27T14:53:07","slug":"kit-animais-da-selva","status":"publish","type":"product","link":"https:\/\/educaredigital.online\/loja\/produto\/kit-animais-da-selva\/","title":{"rendered":"Kit Animais Da Selva"},"content":{"rendered":"<div class=\"ds-message _63c77b1\">\n<div class=\"ds-markdown\">\n<p class=\"ds-markdown-paragraph\">Ideal para brincadeiras de faz de conta, montagem de cen\u00e1rios ou atividades de reconhecimento da fauna. Assim como outros kits similares, ele \u00e9 composto por <strong>pe\u00e7as pequenas<\/strong>, por isso o alerta na embalagem refor\u00e7a que o brinquedo n\u00e3o \u00e9 recomendado para menores de 3 anos devido ao risco de aspira\u00e7\u00e3o ou engolimento dos componentes .<\/p>\n<div class=\"details-table-wrapper\">\n<table class=\"product-details-table\">\n<tbody>\n<tr>\n<td>Marca<\/td>\n<td>Coluna<\/td>\n<\/tr>\n<tr>\n<td>Material<\/td>\n<td>Pl\u00e1stico<\/td>\n<\/tr>\n<tr>\n<td>Faixa Et\u00e1ria<\/td>\n<td>A partir de 3 Anos<\/td>\n<\/tr>\n<\/tbody>\n<\/table>\n<\/div>\n<\/div>\n<\/div>\n","protected":false},"excerpt":{"rendered":"<p>Ideal para brincadeiras de faz de conta, montagem de cen\u00e1rios ou atividades de reconhecimento da fauna. Assim como outros kits similares, ele \u00e9 composto por pe\u00e7as pequenas, por isso o alerta na embalagem refor\u00e7a que o brinquedo n\u00e3o \u00e9 recomendado<\/p>\n","protected":false},"featured_media":3480,"comment_status":"open","ping_status":"closed","template":"","meta":[],"product_brand":[233],"product_cat":[213],"product_tag":[],"class_list":{"0":"post-3481","1":"product","2":"type-product","3":"status-publish","6":"product_brand-pais-e-filhos","7":"product_cat-brinquedos-jogos-e-brinquedos","9":"first","10":"instock","11":"shipping-taxable","12":"purchasable","13":"product-type-simple"},"_links":{"self":[{"href":"https:\/\/educaredigital.online\/loja\/wp-json\/wp\/v2\/product\/3481","targetHints":{"allow":["GET"]}}],"collection":[{"href":"https:\/\/educaredigital.online\/loja\/wp-json\/wp\/v2\/product"}],"about":[{"href":"https:\/\/educaredigital.online\/loja\/wp-json\/wp\/v2\/types\/product"}],"replies":[{"embeddable":true,"href":"https:\/\/educaredigital.online\/loja\/wp-json\/wp\/v2\/comments?post=3481"}],"wp:featuredmedia":[{"embeddable":true,"href":"https:\/\/educaredigital.online\/loja\/wp-json\/wp\/v2\/media\/3480"}],"wp:attachment":[{"href":"https:\/\/educaredigital.online\/loja\/wp-json\/wp\/v2\/media?parent=3481"}],"wp:term":[{"taxonomy":"product_brand","embeddable":true,"href":"https:\/\/educaredigital.online\/loja\/wp-json\/wp\/v2\/product_brand?post=3481"},{"taxonomy":"product_cat","embeddable":true,"href":"https:\/\/educaredigital.online\/loja\/wp-json\/wp\/v2\/product_cat?post=3481"},{"taxonomy":"product_tag","embeddable":true,"href":"https:\/\/educaredigital.online\/loja\/wp-json\/wp\/v2\/product_tag?post=3481"}],"curies":[{"name":"wp","href":"https:\/\/api.w.org\/{rel}","templated":true}]}}