{"id":3479,"date":"2026-03-23T11:15:44","date_gmt":"2026-03-23T11:15:44","guid":{"rendered":"https:\/\/educaredigital.online\/loja\/produto\/quadro-magico\/"},"modified":"2026-04-27T14:53:14","modified_gmt":"2026-04-27T14:53:14","slug":"quadro-magico","status":"publish","type":"product","link":"https:\/\/educaredigital.online\/loja\/produto\/quadro-magico\/","title":{"rendered":"Quadro M\u00e1gico"},"content":{"rendered":"<p><strong>Quadro M\u00e1gico<\/strong>\u00a0\u00e9 uma lousa magn\u00e9tica que permite desenhar e escrever sem sujeira, bastando deslizar o cursor para apagar e recome\u00e7ar. O produto estimula a criatividade e a coordena\u00e7\u00e3o motora das crian\u00e7as, sendo uma excelente ferramenta para atividades de desenho livre ou jogos interativos entre pais e filhos\u00a0.<\/p>\n<div class=\"details-table-wrapper\">\n<table class=\"product-details-table\">\n<tbody>\n<tr>\n<td>Marca<\/td>\n<td>Pais e Filhos<\/td>\n<\/tr>\n<tr>\n<td>Material<\/td>\n<td>\u00a0Pl\u00e1stico<\/td>\n<\/tr>\n<tr>\n<td>Faixa Et\u00e1ria<\/td>\n<td>A partir de 3 Anos<\/td>\n<\/tr>\n<\/tbody>\n<\/table>\n<\/div>\n","protected":false},"excerpt":{"rendered":"<p>Quadro M\u00e1gico\u00a0\u00e9 uma lousa magn\u00e9tica que permite desenhar e escrever sem sujeira, bastando deslizar o cursor para apagar e recome\u00e7ar. O produto estimula a criatividade e a coordena\u00e7\u00e3o motora das crian\u00e7as, sendo uma excelente ferramenta para atividades de desenho livre<\/p>\n","protected":false},"featured_media":3478,"comment_status":"open","ping_status":"closed","template":"","meta":[],"product_brand":[233],"product_cat":[213],"product_tag":[],"class_list":{"0":"post-3479","1":"product","2":"type-product","3":"status-publish","6":"product_brand-pais-e-filhos","7":"product_cat-brinquedos-jogos-e-brinquedos","9":"first","10":"instock","11":"shipping-taxable","12":"purchasable","13":"product-type-simple"},"_links":{"self":[{"href":"https:\/\/educaredigital.online\/loja\/wp-json\/wp\/v2\/product\/3479","targetHints":{"allow":["GET"]}}],"collection":[{"href":"https:\/\/educaredigital.online\/loja\/wp-json\/wp\/v2\/product"}],"about":[{"href":"https:\/\/educaredigital.online\/loja\/wp-json\/wp\/v2\/types\/product"}],"replies":[{"embeddable":true,"href":"https:\/\/educaredigital.online\/loja\/wp-json\/wp\/v2\/comments?post=3479"}],"wp:featuredmedia":[{"embeddable":true,"href":"https:\/\/educaredigital.online\/loja\/wp-json\/wp\/v2\/media\/3478"}],"wp:attachment":[{"href":"https:\/\/educaredigital.online\/loja\/wp-json\/wp\/v2\/media?parent=3479"}],"wp:term":[{"taxonomy":"product_brand","embeddable":true,"href":"https:\/\/educaredigital.online\/loja\/wp-json\/wp\/v2\/product_brand?post=3479"},{"taxonomy":"product_cat","embeddable":true,"href":"https:\/\/educaredigital.online\/loja\/wp-json\/wp\/v2\/product_cat?post=3479"},{"taxonomy":"product_tag","embeddable":true,"href":"https:\/\/educaredigital.online\/loja\/wp-json\/wp\/v2\/product_tag?post=3479"}],"curies":[{"name":"wp","href":"https:\/\/api.w.org\/{rel}","templated":true}]}}