{"id":3477,"date":"2026-03-23T11:15:42","date_gmt":"2026-03-23T11:15:42","guid":{"rendered":"https:\/\/educaredigital.online\/loja\/produto\/projetor-girafinha\/"},"modified":"2026-04-27T14:53:21","modified_gmt":"2026-04-27T14:53:21","slug":"projetor-girafinha","status":"publish","type":"product","link":"https:\/\/educaredigital.online\/loja\/produto\/projetor-girafinha\/","title":{"rendered":"Projetor Girafinha"},"content":{"rendered":"<p><strong>Projetor Girafinha<\/strong>\u00a0da marca\u00a0<strong>Pais &amp; Filhos<\/strong>\u00a0\u00e9 um brinquedo educativo que estimula a criatividade e a coordena\u00e7\u00e3o motora por meio do desenho. Com formato divertido de girafa, o brinquedo projeta\u00a0<strong>24 imagens diferentes<\/strong>\u00a0(3 discos com 8 desenhos cada) sobre uma superf\u00edcie, permitindo que a crian\u00e7a contorne os desenhos com as\u00a0<strong>12 canetinhas coloridas<\/strong>\u00a0inclusas, desenvolvendo habilidades art\u00edsticas e a coordena\u00e7\u00e3o olho-m\u00e3o\u00a0.<\/p>\n<div class=\"details-table-wrapper\">\n<table class=\"product-details-table\">\n<tbody>\n<tr>\n<td>Marca<\/td>\n<td>Pais e Filhos<\/td>\n<\/tr>\n<tr>\n<td>Material<\/td>\n<td>\u00a0Pl\u00e1stico<\/td>\n<\/tr>\n<tr>\n<td>Faixa Et\u00e1ria<\/td>\n<td>A partir de 3 Anos<\/td>\n<\/tr>\n<\/tbody>\n<\/table>\n<\/div>\n","protected":false},"excerpt":{"rendered":"<p>Projetor Girafinha\u00a0da marca\u00a0Pais &amp; Filhos\u00a0\u00e9 um brinquedo educativo que estimula a criatividade e a coordena\u00e7\u00e3o motora por meio do desenho. Com formato divertido de girafa, o brinquedo projeta\u00a024 imagens diferentes\u00a0(3 discos com 8 desenhos cada) sobre uma superf\u00edcie, permitindo que<\/p>\n","protected":false},"featured_media":3476,"comment_status":"open","ping_status":"closed","template":"","meta":[],"product_brand":[233],"product_cat":[211],"product_tag":[],"class_list":{"0":"post-3477","1":"product","2":"type-product","3":"status-publish","6":"product_brand-pais-e-filhos","7":"product_cat-psicomotricidade-jogos-e-brinquedos","9":"first","10":"instock","11":"shipping-taxable","12":"purchasable","13":"product-type-simple"},"_links":{"self":[{"href":"https:\/\/educaredigital.online\/loja\/wp-json\/wp\/v2\/product\/3477","targetHints":{"allow":["GET"]}}],"collection":[{"href":"https:\/\/educaredigital.online\/loja\/wp-json\/wp\/v2\/product"}],"about":[{"href":"https:\/\/educaredigital.online\/loja\/wp-json\/wp\/v2\/types\/product"}],"replies":[{"embeddable":true,"href":"https:\/\/educaredigital.online\/loja\/wp-json\/wp\/v2\/comments?post=3477"}],"wp:featuredmedia":[{"embeddable":true,"href":"https:\/\/educaredigital.online\/loja\/wp-json\/wp\/v2\/media\/3476"}],"wp:attachment":[{"href":"https:\/\/educaredigital.online\/loja\/wp-json\/wp\/v2\/media?parent=3477"}],"wp:term":[{"taxonomy":"product_brand","embeddable":true,"href":"https:\/\/educaredigital.online\/loja\/wp-json\/wp\/v2\/product_brand?post=3477"},{"taxonomy":"product_cat","embeddable":true,"href":"https:\/\/educaredigital.online\/loja\/wp-json\/wp\/v2\/product_cat?post=3477"},{"taxonomy":"product_tag","embeddable":true,"href":"https:\/\/educaredigital.online\/loja\/wp-json\/wp\/v2\/product_tag?post=3477"}],"curies":[{"name":"wp","href":"https:\/\/api.w.org\/{rel}","templated":true}]}}