{"id":3475,"date":"2026-03-23T11:15:35","date_gmt":"2026-03-23T11:15:35","guid":{"rendered":"https:\/\/educaredigital.online\/loja\/produto\/meu-ossinho\/"},"modified":"2026-04-27T14:53:27","modified_gmt":"2026-04-27T14:53:27","slug":"meu-ossinho","status":"publish","type":"product","link":"https:\/\/educaredigital.online\/loja\/produto\/meu-ossinho\/","title":{"rendered":"Meu Ossinho"},"content":{"rendered":"<p><strong>Meu Ossinho<\/strong> \u00e9 um jogo\u00a0que desafia os participantes a ajudarem o cachorrinho a encontrar seus ossos pelo tabuleiro. Durante a partida, os jogadores lan\u00e7am dados e seguem as instru\u00e7\u00f5es para coletar os ossos, enfrentando obst\u00e1culos e surpresas no caminho, tornando cada rodada divertida e imprevis\u00edvel.<\/p>\n<div class=\"details-table-wrapper\">\n<table class=\"product-details-table\">\n<tbody>\n<tr>\n<td>Marca<\/td>\n<td>Pais e Filhos<\/td>\n<\/tr>\n<tr>\n<td>Material<\/td>\n<td>Papel Cart\u00e3o e Pl\u00e1stico<\/td>\n<\/tr>\n<tr>\n<td>Faixa Et\u00e1ria<\/td>\n<td>A partir de 4 Anos<\/td>\n<\/tr>\n<tr>\n<td>Quantidade De Jogadores<\/td>\n<td>2 a 5 Jogadores<\/td>\n<\/tr>\n<\/tbody>\n<\/table>\n<\/div>\n","protected":false},"excerpt":{"rendered":"<p>Meu Ossinho \u00e9 um jogo\u00a0que desafia os participantes a ajudarem o cachorrinho a encontrar seus ossos pelo tabuleiro. Durante a partida, os jogadores lan\u00e7am dados e seguem as instru\u00e7\u00f5es para coletar os ossos, enfrentando obst\u00e1culos e surpresas no caminho, tornando<\/p>\n","protected":false},"featured_media":3474,"comment_status":"open","ping_status":"closed","template":"","meta":[],"product_brand":[233],"product_cat":[213],"product_tag":[],"class_list":{"0":"post-3475","1":"product","2":"type-product","3":"status-publish","6":"product_brand-pais-e-filhos","7":"product_cat-brinquedos-jogos-e-brinquedos","9":"first","10":"instock","11":"shipping-taxable","12":"purchasable","13":"product-type-simple"},"_links":{"self":[{"href":"https:\/\/educaredigital.online\/loja\/wp-json\/wp\/v2\/product\/3475","targetHints":{"allow":["GET"]}}],"collection":[{"href":"https:\/\/educaredigital.online\/loja\/wp-json\/wp\/v2\/product"}],"about":[{"href":"https:\/\/educaredigital.online\/loja\/wp-json\/wp\/v2\/types\/product"}],"replies":[{"embeddable":true,"href":"https:\/\/educaredigital.online\/loja\/wp-json\/wp\/v2\/comments?post=3475"}],"wp:featuredmedia":[{"embeddable":true,"href":"https:\/\/educaredigital.online\/loja\/wp-json\/wp\/v2\/media\/3474"}],"wp:attachment":[{"href":"https:\/\/educaredigital.online\/loja\/wp-json\/wp\/v2\/media?parent=3475"}],"wp:term":[{"taxonomy":"product_brand","embeddable":true,"href":"https:\/\/educaredigital.online\/loja\/wp-json\/wp\/v2\/product_brand?post=3475"},{"taxonomy":"product_cat","embeddable":true,"href":"https:\/\/educaredigital.online\/loja\/wp-json\/wp\/v2\/product_cat?post=3475"},{"taxonomy":"product_tag","embeddable":true,"href":"https:\/\/educaredigital.online\/loja\/wp-json\/wp\/v2\/product_tag?post=3475"}],"curies":[{"name":"wp","href":"https:\/\/api.w.org\/{rel}","templated":true}]}}