{"id":3469,"date":"2026-03-20T14:06:42","date_gmt":"2026-03-20T14:06:42","guid":{"rendered":"https:\/\/educaredigital.online\/loja\/produto\/jogo-equilibrio\/"},"modified":"2026-04-27T14:53:33","modified_gmt":"2026-04-27T14:53:33","slug":"jogo-equilibrio","status":"publish","type":"product","link":"https:\/\/educaredigital.online\/loja\/produto\/jogo-equilibrio\/","title":{"rendered":"Jogo Equil\u00edbrio"},"content":{"rendered":"<p><strong>Jogo Equil\u00edbrio<\/strong> \u00e9 um jogo educativo que trabalha no\u00e7\u00f5es de peso e equil\u00edbrio de forma l\u00fadica. Neste jogo, os participantes precisam equilibrar uma balan\u00e7a utilizando n\u00fameros e pe\u00e7as em formato de bichinhos, associando quantidades e desenvolvendo o racioc\u00ednio l\u00f3gico-matem\u00e1tico.<\/p>\n<div class=\"ds-message _63c77b1\">\n<div class=\"ds-markdown\">\n<p class=\"ds-markdown-paragraph\">A proposta ensina conceitos de leveza, peso e equival\u00eancia enquanto promove a concentra\u00e7\u00e3o e a intera\u00e7\u00e3o social de maneira divertida .<\/p>\n<\/div>\n<\/div>\n<div class=\"details-table-wrapper\">\n<table class=\"product-details-table\">\n<tbody>\n<tr>\n<td>Marca<\/td>\n<td>Pais e Filhos<\/td>\n<\/tr>\n<tr>\n<td>Material<\/td>\n<td>\u00a0Cartonado<\/td>\n<\/tr>\n<tr>\n<td>Faixa Et\u00e1ria<\/td>\n<td>A partir de 3 Anos<\/td>\n<\/tr>\n<tr>\n<td>Quantidade De Jogadores<\/td>\n<td>2 ou mais Jogadores<\/td>\n<\/tr>\n<\/tbody>\n<\/table>\n<\/div>\n","protected":false},"excerpt":{"rendered":"<p>Jogo Equil\u00edbrio \u00e9 um jogo educativo que trabalha no\u00e7\u00f5es de peso e equil\u00edbrio de forma l\u00fadica. Neste jogo, os participantes precisam equilibrar uma balan\u00e7a utilizando n\u00fameros e pe\u00e7as em formato de bichinhos, associando quantidades e desenvolvendo o racioc\u00ednio l\u00f3gico-matem\u00e1tico. A<\/p>\n","protected":false},"featured_media":3468,"comment_status":"open","ping_status":"closed","template":"","meta":[],"product_brand":[233],"product_cat":[210],"product_tag":[],"class_list":{"0":"post-3469","1":"product","2":"type-product","3":"status-publish","6":"product_brand-pais-e-filhos","7":"product_cat-matematica-jogos-e-brinquedos","9":"first","10":"instock","11":"shipping-taxable","12":"purchasable","13":"product-type-simple"},"_links":{"self":[{"href":"https:\/\/educaredigital.online\/loja\/wp-json\/wp\/v2\/product\/3469","targetHints":{"allow":["GET"]}}],"collection":[{"href":"https:\/\/educaredigital.online\/loja\/wp-json\/wp\/v2\/product"}],"about":[{"href":"https:\/\/educaredigital.online\/loja\/wp-json\/wp\/v2\/types\/product"}],"replies":[{"embeddable":true,"href":"https:\/\/educaredigital.online\/loja\/wp-json\/wp\/v2\/comments?post=3469"}],"wp:featuredmedia":[{"embeddable":true,"href":"https:\/\/educaredigital.online\/loja\/wp-json\/wp\/v2\/media\/3468"}],"wp:attachment":[{"href":"https:\/\/educaredigital.online\/loja\/wp-json\/wp\/v2\/media?parent=3469"}],"wp:term":[{"taxonomy":"product_brand","embeddable":true,"href":"https:\/\/educaredigital.online\/loja\/wp-json\/wp\/v2\/product_brand?post=3469"},{"taxonomy":"product_cat","embeddable":true,"href":"https:\/\/educaredigital.online\/loja\/wp-json\/wp\/v2\/product_cat?post=3469"},{"taxonomy":"product_tag","embeddable":true,"href":"https:\/\/educaredigital.online\/loja\/wp-json\/wp\/v2\/product_tag?post=3469"}],"curies":[{"name":"wp","href":"https:\/\/api.w.org\/{rel}","templated":true}]}}