{"id":3465,"date":"2026-03-20T14:06:39","date_gmt":"2026-03-20T14:06:39","guid":{"rendered":"https:\/\/educaredigital.online\/loja\/produto\/jogo-general-bozo\/"},"modified":"2026-04-27T14:53:45","modified_gmt":"2026-04-27T14:53:45","slug":"jogo-general-bozo","status":"publish","type":"product","link":"https:\/\/educaredigital.online\/loja\/produto\/jogo-general-bozo\/","title":{"rendered":"General Boz\u00f3"},"content":{"rendered":"<p><strong>General Boz\u00f3<\/strong> \u00e9 um tradicional jogo de dados que combina sorte e estrat\u00e9gia para formar combina\u00e7\u00f5es com 5 dados . Cada jogador tem <strong>3 lan\u00e7amentos<\/strong>\u00a0por rodada e, ap\u00f3s o primeiro lance, pode escolher quais dados manter e quais relan\u00e7ar para tentar alcan\u00e7ar a melhor pontua\u00e7\u00e3o poss\u00edvel\u00a0. As combina\u00e7\u00f5es incluem as faces num\u00e9ricas (do 1 ao 6), o\u00a0<strong>Full<\/strong>\u00a0(uma trinca + um par), a\u00a0<strong>Seguida<\/strong>\u00a0(sequ\u00eancia num\u00e9rica), a\u00a0<strong>Quadra<\/strong>\u00a0(4 faces iguais) e o\u00a0<strong>General<\/strong>\u00a0(5 faces iguais), cada uma com pontua\u00e7\u00f5es espec\u00edficas\u00a0.<\/p>\n<div class=\"details-table-wrapper\">\n<table class=\"product-details-table\">\n<tbody>\n<tr>\n<td>Marca<\/td>\n<td>Pais e Filhos<\/td>\n<\/tr>\n<tr>\n<td>Material<\/td>\n<td>\u00a0Resina Termopl\u00e1stica e Papel<\/td>\n<\/tr>\n<tr>\n<td>Faixa Et\u00e1ria<\/td>\n<td>A partir de 5 Anos<\/td>\n<\/tr>\n<tr>\n<td>Quantidade De Jogadores<\/td>\n<td>2 a 6 Jogadores<\/td>\n<\/tr>\n<\/tbody>\n<\/table>\n<\/div>\n","protected":false},"excerpt":{"rendered":"<p>General Boz\u00f3 \u00e9 um tradicional jogo de dados que combina sorte e estrat\u00e9gia para formar combina\u00e7\u00f5es com 5 dados . Cada jogador tem 3 lan\u00e7amentos\u00a0por rodada e, ap\u00f3s o primeiro lance, pode escolher quais dados manter e quais relan\u00e7ar para<\/p>\n","protected":false},"featured_media":3464,"comment_status":"open","ping_status":"closed","template":"","meta":[],"product_brand":[233],"product_cat":[213],"product_tag":[],"class_list":{"0":"post-3465","1":"product","2":"type-product","3":"status-publish","6":"product_brand-pais-e-filhos","7":"product_cat-brinquedos-jogos-e-brinquedos","9":"first","10":"instock","11":"shipping-taxable","12":"purchasable","13":"product-type-simple"},"_links":{"self":[{"href":"https:\/\/educaredigital.online\/loja\/wp-json\/wp\/v2\/product\/3465","targetHints":{"allow":["GET"]}}],"collection":[{"href":"https:\/\/educaredigital.online\/loja\/wp-json\/wp\/v2\/product"}],"about":[{"href":"https:\/\/educaredigital.online\/loja\/wp-json\/wp\/v2\/types\/product"}],"replies":[{"embeddable":true,"href":"https:\/\/educaredigital.online\/loja\/wp-json\/wp\/v2\/comments?post=3465"}],"wp:featuredmedia":[{"embeddable":true,"href":"https:\/\/educaredigital.online\/loja\/wp-json\/wp\/v2\/media\/3464"}],"wp:attachment":[{"href":"https:\/\/educaredigital.online\/loja\/wp-json\/wp\/v2\/media?parent=3465"}],"wp:term":[{"taxonomy":"product_brand","embeddable":true,"href":"https:\/\/educaredigital.online\/loja\/wp-json\/wp\/v2\/product_brand?post=3465"},{"taxonomy":"product_cat","embeddable":true,"href":"https:\/\/educaredigital.online\/loja\/wp-json\/wp\/v2\/product_cat?post=3465"},{"taxonomy":"product_tag","embeddable":true,"href":"https:\/\/educaredigital.online\/loja\/wp-json\/wp\/v2\/product_tag?post=3465"}],"curies":[{"name":"wp","href":"https:\/\/api.w.org\/{rel}","templated":true}]}}