{"id":3463,"date":"2026-03-20T14:06:37","date_gmt":"2026-03-20T14:06:37","guid":{"rendered":"https:\/\/educaredigital.online\/loja\/produto\/quebra-cabeca-100pcs-mundi\/"},"modified":"2026-04-27T14:53:54","modified_gmt":"2026-04-27T14:53:54","slug":"quebra-cabeca-100pcs-mundi","status":"publish","type":"product","link":"https:\/\/educaredigital.online\/loja\/produto\/quebra-cabeca-100pcs-mundi\/","title":{"rendered":"Quebra-Cabe\u00e7a Mundi 100 Pe\u00e7as"},"content":{"rendered":"<p class=\"ds-markdown-paragraph\"><strong>Quebra-Cabe\u00e7a Mundi 100 Pe\u00e7as <\/strong>\u00a0\u00e9 um brinquedo educativo que apresenta o mapa-m\u00fandi em ilustra\u00e7\u00e3o colorida. Al\u00e9m de estimular o racioc\u00ednio l\u00f3gico, a percep\u00e7\u00e3o visual e a coordena\u00e7\u00e3o motora, o quebra-cabe\u00e7a \u00e9 uma excelente atividade para momentos em fam\u00edlia, promovendo a intera\u00e7\u00e3o entre pais e filhos de forma l\u00fadica .<\/p>\n<div class=\"details-table-wrapper\">\n<table class=\"product-details-table\">\n<tbody>\n<tr>\n<td>Marca<\/td>\n<td>Pais e Filhos<\/td>\n<\/tr>\n<tr>\n<td>Material<\/td>\n<td>Papel Cartonado<\/td>\n<\/tr>\n<tr>\n<td>Faixa Et\u00e1ria<\/td>\n<td>A partir de 4 Anos<\/td>\n<\/tr>\n<\/tbody>\n<\/table>\n<\/div>\n","protected":false},"excerpt":{"rendered":"<p>Quebra-Cabe\u00e7a Mundi 100 Pe\u00e7as \u00a0\u00e9 um brinquedo educativo que apresenta o mapa-m\u00fandi em ilustra\u00e7\u00e3o colorida. Al\u00e9m de estimular o racioc\u00ednio l\u00f3gico, a percep\u00e7\u00e3o visual e a coordena\u00e7\u00e3o motora, o quebra-cabe\u00e7a \u00e9 uma excelente atividade para momentos em fam\u00edlia, promovendo a<\/p>\n","protected":false},"featured_media":3462,"comment_status":"open","ping_status":"closed","template":"","meta":[],"product_brand":[233],"product_cat":[211],"product_tag":[],"class_list":{"0":"post-3463","1":"product","2":"type-product","3":"status-publish","6":"product_brand-pais-e-filhos","7":"product_cat-psicomotricidade-jogos-e-brinquedos","9":"first","10":"instock","11":"shipping-taxable","12":"purchasable","13":"product-type-simple"},"_links":{"self":[{"href":"https:\/\/educaredigital.online\/loja\/wp-json\/wp\/v2\/product\/3463","targetHints":{"allow":["GET"]}}],"collection":[{"href":"https:\/\/educaredigital.online\/loja\/wp-json\/wp\/v2\/product"}],"about":[{"href":"https:\/\/educaredigital.online\/loja\/wp-json\/wp\/v2\/types\/product"}],"replies":[{"embeddable":true,"href":"https:\/\/educaredigital.online\/loja\/wp-json\/wp\/v2\/comments?post=3463"}],"wp:featuredmedia":[{"embeddable":true,"href":"https:\/\/educaredigital.online\/loja\/wp-json\/wp\/v2\/media\/3462"}],"wp:attachment":[{"href":"https:\/\/educaredigital.online\/loja\/wp-json\/wp\/v2\/media?parent=3463"}],"wp:term":[{"taxonomy":"product_brand","embeddable":true,"href":"https:\/\/educaredigital.online\/loja\/wp-json\/wp\/v2\/product_brand?post=3463"},{"taxonomy":"product_cat","embeddable":true,"href":"https:\/\/educaredigital.online\/loja\/wp-json\/wp\/v2\/product_cat?post=3463"},{"taxonomy":"product_tag","embeddable":true,"href":"https:\/\/educaredigital.online\/loja\/wp-json\/wp\/v2\/product_tag?post=3463"}],"curies":[{"name":"wp","href":"https:\/\/api.w.org\/{rel}","templated":true}]}}