{"id":3461,"date":"2026-03-20T14:06:36","date_gmt":"2026-03-20T14:06:36","guid":{"rendered":"https:\/\/educaredigital.online\/loja\/produto\/jogo-quem-e-voce\/"},"modified":"2026-04-27T14:54:08","modified_gmt":"2026-04-27T14:54:08","slug":"jogo-quem-e-voce","status":"publish","type":"product","link":"https:\/\/educaredigital.online\/loja\/produto\/jogo-quem-e-voce\/","title":{"rendered":"\u00a0Jogo Quem \u00e9 Voc\u00ea?"},"content":{"rendered":"<p><strong>Jogo Quem \u00e9 Voc\u00ea?<\/strong> \u00a0\u00e9 uma vers\u00e3o nacional do cl\u00e1ssico &#8220;Adivinha Quem?&#8221;, onde dois participantes competem para descobrir qual \u00e9 o personagem do advers\u00e1rio\u00a0. Cada jogador recebe um suporte pl\u00e1stico com 28 personagens e, ao sortear uma carta secreta, deve fazer perguntas de resposta &#8220;sim&#8221; ou &#8220;n\u00e3o&#8221; para eliminar as op\u00e7\u00f5es &#8211; por exemplo, &#8220;o personagem usa \u00f3culos?&#8221; ou &#8220;tem cabelo loiro?&#8221;\u00a0. Vence quem adivinhar corretamente primeiro, mas cuidado: errar o palpite significa perder a partida\u00a0.<\/p>\n<div class=\"details-table-wrapper\">\n<table class=\"product-details-table\">\n<tbody>\n<tr>\n<td>Marca<\/td>\n<td>Pais e Filhos<\/td>\n<\/tr>\n<tr>\n<td>Material<\/td>\n<td>\u00a0Papel Cart\u00e3o e Poliestireno<\/td>\n<\/tr>\n<tr>\n<td>Faixa Et\u00e1ria<\/td>\n<td>A partir de 6 Anos<\/td>\n<\/tr>\n<tr>\n<td>Quantidade De Jogadores<\/td>\n<td>2 Jogadores<\/td>\n<\/tr>\n<\/tbody>\n<\/table>\n<\/div>\n","protected":false},"excerpt":{"rendered":"<p>Jogo Quem \u00e9 Voc\u00ea? \u00a0\u00e9 uma vers\u00e3o nacional do cl\u00e1ssico &#8220;Adivinha Quem?&#8221;, onde dois participantes competem para descobrir qual \u00e9 o personagem do advers\u00e1rio\u00a0. Cada jogador recebe um suporte pl\u00e1stico com 28 personagens e, ao sortear uma carta secreta, deve<\/p>\n","protected":false},"featured_media":3460,"comment_status":"open","ping_status":"closed","template":"","meta":[],"product_brand":[233],"product_cat":[212],"product_tag":[],"class_list":{"0":"post-3461","1":"product","2":"type-product","3":"status-publish","6":"product_brand-pais-e-filhos","7":"product_cat-tabuleiros-jogos-e-brinquedos","9":"first","10":"instock","11":"shipping-taxable","12":"purchasable","13":"product-type-simple"},"_links":{"self":[{"href":"https:\/\/educaredigital.online\/loja\/wp-json\/wp\/v2\/product\/3461","targetHints":{"allow":["GET"]}}],"collection":[{"href":"https:\/\/educaredigital.online\/loja\/wp-json\/wp\/v2\/product"}],"about":[{"href":"https:\/\/educaredigital.online\/loja\/wp-json\/wp\/v2\/types\/product"}],"replies":[{"embeddable":true,"href":"https:\/\/educaredigital.online\/loja\/wp-json\/wp\/v2\/comments?post=3461"}],"wp:featuredmedia":[{"embeddable":true,"href":"https:\/\/educaredigital.online\/loja\/wp-json\/wp\/v2\/media\/3460"}],"wp:attachment":[{"href":"https:\/\/educaredigital.online\/loja\/wp-json\/wp\/v2\/media?parent=3461"}],"wp:term":[{"taxonomy":"product_brand","embeddable":true,"href":"https:\/\/educaredigital.online\/loja\/wp-json\/wp\/v2\/product_brand?post=3461"},{"taxonomy":"product_cat","embeddable":true,"href":"https:\/\/educaredigital.online\/loja\/wp-json\/wp\/v2\/product_cat?post=3461"},{"taxonomy":"product_tag","embeddable":true,"href":"https:\/\/educaredigital.online\/loja\/wp-json\/wp\/v2\/product_tag?post=3461"}],"curies":[{"name":"wp","href":"https:\/\/api.w.org\/{rel}","templated":true}]}}