{"id":3459,"date":"2026-03-20T14:06:34","date_gmt":"2026-03-20T14:06:34","guid":{"rendered":"https:\/\/educaredigital.online\/loja\/produto\/jogo-qual-e-a-palavra\/"},"modified":"2026-04-27T14:54:22","modified_gmt":"2026-04-27T14:54:22","slug":"jogo-qual-e-a-palavra","status":"publish","type":"product","link":"https:\/\/educaredigital.online\/loja\/produto\/jogo-qual-e-a-palavra\/","title":{"rendered":"\u00a0Qual \u00e9 a Palavra?"},"content":{"rendered":"<p><strong>Qual \u00e9 a Palavra?<\/strong> \u00e9 um jogo de tabuleiro que desafia os participantes a descobrirem o significado de palavras curiosas, testando e ampliando o vocabul\u00e1rio de forma divertida . Cada jogador sorteia uma carta, l\u00ea a palavra em voz alta e apresenta quatro poss\u00edveis significados; os demais devem adivinhar qual \u00e9 o correto, utilizando fichas com as alternativas A, B, C ou D .<\/p>\n<div class=\"details-table-wrapper\">\n<table class=\"product-details-table\">\n<tbody>\n<tr>\n<td>Marca<\/td>\n<td>Pais e Filhos<\/td>\n<\/tr>\n<tr>\n<td>Material<\/td>\n<td>Cartonado e Pl\u00e1stico<\/td>\n<\/tr>\n<tr>\n<td>Faixa Et\u00e1ria<\/td>\n<td>A partir de 7 Anos<\/td>\n<\/tr>\n<tr>\n<td>Quantidade De Jogadores<\/td>\n<td>2 a 6 Jogadores<\/td>\n<\/tr>\n<\/tbody>\n<\/table>\n<\/div>\n","protected":false},"excerpt":{"rendered":"<p>Qual \u00e9 a Palavra? \u00e9 um jogo de tabuleiro que desafia os participantes a descobrirem o significado de palavras curiosas, testando e ampliando o vocabul\u00e1rio de forma divertida . Cada jogador sorteia uma carta, l\u00ea a palavra em voz alta<\/p>\n","protected":false},"featured_media":3458,"comment_status":"open","ping_status":"closed","template":"","meta":[],"product_brand":[233],"product_cat":[212],"product_tag":[],"class_list":{"0":"post-3459","1":"product","2":"type-product","3":"status-publish","6":"product_brand-pais-e-filhos","7":"product_cat-tabuleiros-jogos-e-brinquedos","9":"first","10":"instock","11":"shipping-taxable","12":"purchasable","13":"product-type-simple"},"_links":{"self":[{"href":"https:\/\/educaredigital.online\/loja\/wp-json\/wp\/v2\/product\/3459","targetHints":{"allow":["GET"]}}],"collection":[{"href":"https:\/\/educaredigital.online\/loja\/wp-json\/wp\/v2\/product"}],"about":[{"href":"https:\/\/educaredigital.online\/loja\/wp-json\/wp\/v2\/types\/product"}],"replies":[{"embeddable":true,"href":"https:\/\/educaredigital.online\/loja\/wp-json\/wp\/v2\/comments?post=3459"}],"wp:featuredmedia":[{"embeddable":true,"href":"https:\/\/educaredigital.online\/loja\/wp-json\/wp\/v2\/media\/3458"}],"wp:attachment":[{"href":"https:\/\/educaredigital.online\/loja\/wp-json\/wp\/v2\/media?parent=3459"}],"wp:term":[{"taxonomy":"product_brand","embeddable":true,"href":"https:\/\/educaredigital.online\/loja\/wp-json\/wp\/v2\/product_brand?post=3459"},{"taxonomy":"product_cat","embeddable":true,"href":"https:\/\/educaredigital.online\/loja\/wp-json\/wp\/v2\/product_cat?post=3459"},{"taxonomy":"product_tag","embeddable":true,"href":"https:\/\/educaredigital.online\/loja\/wp-json\/wp\/v2\/product_tag?post=3459"}],"curies":[{"name":"wp","href":"https:\/\/api.w.org\/{rel}","templated":true}]}}