{"id":3455,"date":"2026-03-20T14:06:31","date_gmt":"2026-03-20T14:06:31","guid":{"rendered":"https:\/\/educaredigital.online\/loja\/produto\/kit-basquete-infantil\/"},"modified":"2026-04-27T14:54:46","modified_gmt":"2026-04-27T14:54:46","slug":"kit-basquete-infantil","status":"publish","type":"product","link":"https:\/\/educaredigital.online\/loja\/produto\/kit-basquete-infantil\/","title":{"rendered":"Kit Basquete Infantil"},"content":{"rendered":"<div class=\"ds-message _63c77b1\">\n<div class=\"ds-markdown\">\n<p class=\"ds-markdown-paragraph\"><strong>Kit Basquete Infantil<\/strong> \u00e9 um brinquedo esportivo completo que vem com cesta, tabela, bola e bomba de ar, projetado para introduzir as crian\u00e7as ao mundo do basquete de forma l\u00fadica e segura. O kit conta com uma base que pode ser preenchida com \u00e1gua para garantir maior estabilidade durante as jogadas . O brinquedo tem como objetivos educativos desenvolver a coordena\u00e7\u00e3o motora, a agilidade e o esp\u00edrito esportivo.<\/p>\n<div class=\"details-table-wrapper\">\n<table class=\"product-details-table\">\n<tbody>\n<tr>\n<td>Marca<\/td>\n<td>Pais e Filhos<\/td>\n<\/tr>\n<tr>\n<td>Material<\/td>\n<td>Polipropileno e PVC<\/td>\n<\/tr>\n<tr>\n<td>Faixa Et\u00e1ria<\/td>\n<td>A partir de 3 Anos<\/td>\n<\/tr>\n<\/tbody>\n<\/table>\n<\/div>\n<\/div>\n<\/div>\n","protected":false},"excerpt":{"rendered":"<p>Kit Basquete Infantil \u00e9 um brinquedo esportivo completo que vem com cesta, tabela, bola e bomba de ar, projetado para introduzir as crian\u00e7as ao mundo do basquete de forma l\u00fadica e segura. O kit conta com uma base que pode<\/p>\n","protected":false},"featured_media":3454,"comment_status":"open","ping_status":"closed","template":"","meta":[],"product_brand":[233],"product_cat":[213],"product_tag":[],"class_list":{"0":"post-3455","1":"product","2":"type-product","3":"status-publish","6":"product_brand-pais-e-filhos","7":"product_cat-brinquedos-jogos-e-brinquedos","9":"first","10":"instock","11":"shipping-taxable","12":"purchasable","13":"product-type-simple"},"_links":{"self":[{"href":"https:\/\/educaredigital.online\/loja\/wp-json\/wp\/v2\/product\/3455","targetHints":{"allow":["GET"]}}],"collection":[{"href":"https:\/\/educaredigital.online\/loja\/wp-json\/wp\/v2\/product"}],"about":[{"href":"https:\/\/educaredigital.online\/loja\/wp-json\/wp\/v2\/types\/product"}],"replies":[{"embeddable":true,"href":"https:\/\/educaredigital.online\/loja\/wp-json\/wp\/v2\/comments?post=3455"}],"wp:featuredmedia":[{"embeddable":true,"href":"https:\/\/educaredigital.online\/loja\/wp-json\/wp\/v2\/media\/3454"}],"wp:attachment":[{"href":"https:\/\/educaredigital.online\/loja\/wp-json\/wp\/v2\/media?parent=3455"}],"wp:term":[{"taxonomy":"product_brand","embeddable":true,"href":"https:\/\/educaredigital.online\/loja\/wp-json\/wp\/v2\/product_brand?post=3455"},{"taxonomy":"product_cat","embeddable":true,"href":"https:\/\/educaredigital.online\/loja\/wp-json\/wp\/v2\/product_cat?post=3455"},{"taxonomy":"product_tag","embeddable":true,"href":"https:\/\/educaredigital.online\/loja\/wp-json\/wp\/v2\/product_tag?post=3455"}],"curies":[{"name":"wp","href":"https:\/\/api.w.org\/{rel}","templated":true}]}}