{"id":3453,"date":"2026-03-20T14:06:27","date_gmt":"2026-03-20T14:06:27","guid":{"rendered":"https:\/\/educaredigital.online\/loja\/produto\/cuca-legal-unica\/"},"modified":"2026-04-27T14:55:00","modified_gmt":"2026-04-27T14:55:00","slug":"cuca-legal-unica","status":"publish","type":"product","link":"https:\/\/educaredigital.online\/loja\/produto\/cuca-legal-unica\/","title":{"rendered":"Cuca Legal"},"content":{"rendered":"<p><strong>Cuca Legal<\/strong> \u00e9 um cl\u00e1ssico jogo de tabuleiro educativo da marca Pais &amp; Filhos que desafia os participantes a avan\u00e7arem pelo percurso respondendo perguntas de conhecimentos gerais . Com mais de 600 perguntas distribu\u00eddas em temas como ci\u00eancias, geografia, hist\u00f3ria, esportes e atualidades, os jogadores giram o dado ou a roleta e, ao parar em uma casa, precisam responder \u00e0 pergunta correspondente ao s\u00edmbolo do tabuleiro para seguir em frente . Se acertar, permanece na casa e passa a vez; se errar, volta o n\u00famero de casas que avan\u00e7ou.<\/p>\n<div class=\"details-table-wrapper\">\n<table class=\"product-details-table\">\n<tbody>\n<tr>\n<td>Marca<\/td>\n<td>Pais e Filhos<\/td>\n<\/tr>\n<tr>\n<td>Material<\/td>\n<td>Papel Cart\u00e3o e Polietileno<\/td>\n<\/tr>\n<tr>\n<td>Faixa Et\u00e1ria<\/td>\n<td>A partir de 7 Anos<\/td>\n<\/tr>\n<tr>\n<td>Quantidade De Jogadores<\/td>\n<td>2 a 6 Jogadores<\/td>\n<\/tr>\n<\/tbody>\n<\/table>\n<\/div>\n","protected":false},"excerpt":{"rendered":"<p>Cuca Legal \u00e9 um cl\u00e1ssico jogo de tabuleiro educativo da marca Pais &amp; Filhos que desafia os participantes a avan\u00e7arem pelo percurso respondendo perguntas de conhecimentos gerais . Com mais de 600 perguntas distribu\u00eddas em temas como ci\u00eancias, geografia, hist\u00f3ria,<\/p>\n","protected":false},"featured_media":3452,"comment_status":"open","ping_status":"closed","template":"","meta":[],"product_brand":[233],"product_cat":[212],"product_tag":[],"class_list":{"0":"post-3453","1":"product","2":"type-product","3":"status-publish","6":"product_brand-pais-e-filhos","7":"product_cat-tabuleiros-jogos-e-brinquedos","9":"first","10":"instock","11":"shipping-taxable","12":"purchasable","13":"product-type-simple"},"_links":{"self":[{"href":"https:\/\/educaredigital.online\/loja\/wp-json\/wp\/v2\/product\/3453","targetHints":{"allow":["GET"]}}],"collection":[{"href":"https:\/\/educaredigital.online\/loja\/wp-json\/wp\/v2\/product"}],"about":[{"href":"https:\/\/educaredigital.online\/loja\/wp-json\/wp\/v2\/types\/product"}],"replies":[{"embeddable":true,"href":"https:\/\/educaredigital.online\/loja\/wp-json\/wp\/v2\/comments?post=3453"}],"wp:featuredmedia":[{"embeddable":true,"href":"https:\/\/educaredigital.online\/loja\/wp-json\/wp\/v2\/media\/3452"}],"wp:attachment":[{"href":"https:\/\/educaredigital.online\/loja\/wp-json\/wp\/v2\/media?parent=3453"}],"wp:term":[{"taxonomy":"product_brand","embeddable":true,"href":"https:\/\/educaredigital.online\/loja\/wp-json\/wp\/v2\/product_brand?post=3453"},{"taxonomy":"product_cat","embeddable":true,"href":"https:\/\/educaredigital.online\/loja\/wp-json\/wp\/v2\/product_cat?post=3453"},{"taxonomy":"product_tag","embeddable":true,"href":"https:\/\/educaredigital.online\/loja\/wp-json\/wp\/v2\/product_tag?post=3453"}],"curies":[{"name":"wp","href":"https:\/\/api.w.org\/{rel}","templated":true}]}}