{"id":3451,"date":"2026-03-20T14:04:24","date_gmt":"2026-03-20T14:04:24","guid":{"rendered":"https:\/\/educaredigital.online\/loja\/produto\/colecao-o-que-nao-cabe-no-meu-mundo-3-10-livros\/"},"modified":"2026-04-09T15:04:25","modified_gmt":"2026-04-09T15:04:25","slug":"colecao-o-que-nao-cabe-no-meu-mundo-3-10-livros","status":"publish","type":"product","link":"https:\/\/educaredigital.online\/loja\/produto\/colecao-o-que-nao-cabe-no-meu-mundo-3-10-livros\/","title":{"rendered":"Cole\u00e7\u00e3o: O que N\u00c3O cabe no meu mundo 3 &#8211; 10 livros"},"content":{"rendered":"<p data-start=\"0\" data-end=\"343\"><strong><span class=\"hover:entity-accent entity-underline inline cursor-pointer align-baseline\"><span class=\"whitespace-normal\">Cole\u00e7\u00e3o: O Que N\u00c3O Cabe no Meu Mundo 3<\/span><\/span><\/strong> \u00e9 um conjunto de 10 livros que aborda, de forma educativa e acess\u00edvel, comportamentos e atitudes que devem ser evitados no conv\u00edvio social. Por meio de hist\u00f3rias do cotidiano infantil, a cole\u00e7\u00e3o ajuda as crian\u00e7as a compreenderem limites, consequ\u00eancias e a import\u00e2ncia de fazer escolhas mais conscientes.<\/p>\n<p data-start=\"345\" data-end=\"654\" data-is-last-node=\"\" data-is-only-node=\"\">Com linguagem simples e ilustra\u00e7\u00f5es envolventes, os livros incentivam a reflex\u00e3o sobre atitudes como desrespeito, ego\u00edsmo e desobedi\u00eancia, sempre de maneira leve e construtiva. Ideal para leitura em fam\u00edlia ou na escola, a cole\u00e7\u00e3o contribui para o desenvolvimento emocional e a forma\u00e7\u00e3o de valores essenciais.<\/p>\n<div class=\"details-table-wrapper\">\n<table class=\"product-details-table\">\n<tr>\n<td>Autor<\/td>\n<td>F\u00e1bio G. Ferreira<\/td>\n<\/tr>\n<tr>\n<td>ISBN<\/td>\n<td>9786587130545<\/td>\n<\/tr>\n<tr>\n<td>Editora<\/td>\n<td>Editora BomBom Books<\/td>\n<\/tr>\n<\/table><\/div>\n","protected":false},"excerpt":{"rendered":"<p>Cole\u00e7\u00e3o: O Que N\u00c3O Cabe no Meu Mundo 3 \u00e9 um conjunto de 10 livros que aborda, de forma educativa e acess\u00edvel, comportamentos e atitudes que devem ser evitados no conv\u00edvio social. Por meio de hist\u00f3rias do cotidiano infantil, a<\/p>\n","protected":false},"featured_media":3450,"comment_status":"open","ping_status":"closed","template":"","meta":[],"product_brand":[],"product_cat":[202],"product_tag":[],"class_list":{"0":"post-3451","1":"product","2":"type-product","3":"status-publish","6":"product_cat-fundamental1-1ao3","8":"first","9":"instock","10":"shipping-taxable","11":"purchasable","12":"product-type-simple"},"_links":{"self":[{"href":"https:\/\/educaredigital.online\/loja\/wp-json\/wp\/v2\/product\/3451","targetHints":{"allow":["GET"]}}],"collection":[{"href":"https:\/\/educaredigital.online\/loja\/wp-json\/wp\/v2\/product"}],"about":[{"href":"https:\/\/educaredigital.online\/loja\/wp-json\/wp\/v2\/types\/product"}],"replies":[{"embeddable":true,"href":"https:\/\/educaredigital.online\/loja\/wp-json\/wp\/v2\/comments?post=3451"}],"wp:featuredmedia":[{"embeddable":true,"href":"https:\/\/educaredigital.online\/loja\/wp-json\/wp\/v2\/media\/3450"}],"wp:attachment":[{"href":"https:\/\/educaredigital.online\/loja\/wp-json\/wp\/v2\/media?parent=3451"}],"wp:term":[{"taxonomy":"product_brand","embeddable":true,"href":"https:\/\/educaredigital.online\/loja\/wp-json\/wp\/v2\/product_brand?post=3451"},{"taxonomy":"product_cat","embeddable":true,"href":"https:\/\/educaredigital.online\/loja\/wp-json\/wp\/v2\/product_cat?post=3451"},{"taxonomy":"product_tag","embeddable":true,"href":"https:\/\/educaredigital.online\/loja\/wp-json\/wp\/v2\/product_tag?post=3451"}],"curies":[{"name":"wp","href":"https:\/\/api.w.org\/{rel}","templated":true}]}}