{"id":3447,"date":"2026-03-20T14:04:18","date_gmt":"2026-03-20T14:04:18","guid":{"rendered":"https:\/\/educaredigital.online\/loja\/produto\/colecao-aprendendo-com-os-animais-10-livros\/"},"modified":"2026-04-09T15:04:25","modified_gmt":"2026-04-09T15:04:25","slug":"colecao-aprendendo-com-os-animais-10-livros","status":"publish","type":"product","link":"https:\/\/educaredigital.online\/loja\/produto\/colecao-aprendendo-com-os-animais-10-livros\/","title":{"rendered":"Cole\u00e7\u00e3o: Aprendendo com os Animais &#8211; 10 livros"},"content":{"rendered":"<p><strong><span class=\"hover:entity-accent entity-underline inline cursor-pointer align-baseline\"><span class=\"whitespace-normal\">Cole\u00e7\u00e3o: Aprendendo com os Animais<\/span><\/span><\/strong> \u00e9 um conjunto encantador de hist\u00f3rias que utiliza o universo animal para ensinar valores importantes \u00e0s crian\u00e7as. Cada livro apresenta personagens inspirados em diferentes animais, destacando caracter\u00edsticas como coopera\u00e7\u00e3o, coragem, amizade e respeito \u00e0 natureza de forma leve e divertida.<\/p>\n<div class=\"details-table-wrapper\">\n<table class=\"product-details-table\">\n<tbody>\n<tr>\n<td>Editora<\/td>\n<td>Editora BomBom Books<\/td>\n<\/tr>\n<\/tbody>\n<\/table>\n<\/div>\n","protected":false},"excerpt":{"rendered":"<p>Cole\u00e7\u00e3o: Aprendendo com os Animais \u00e9 um conjunto encantador de hist\u00f3rias que utiliza o universo animal para ensinar valores importantes \u00e0s crian\u00e7as. Cada livro apresenta personagens inspirados em diferentes animais, destacando caracter\u00edsticas como coopera\u00e7\u00e3o, coragem, amizade e respeito \u00e0 natureza<\/p>\n","protected":false},"featured_media":3649,"comment_status":"open","ping_status":"closed","template":"","meta":[],"product_brand":[],"product_cat":[202,204],"product_tag":[],"class_list":{"0":"post-3447","1":"product","2":"type-product","3":"status-publish","6":"product_cat-fundamental1-1ao3","7":"product_cat-livros-escolares","9":"first","10":"instock","11":"shipping-taxable","12":"purchasable","13":"product-type-simple"},"_links":{"self":[{"href":"https:\/\/educaredigital.online\/loja\/wp-json\/wp\/v2\/product\/3447","targetHints":{"allow":["GET"]}}],"collection":[{"href":"https:\/\/educaredigital.online\/loja\/wp-json\/wp\/v2\/product"}],"about":[{"href":"https:\/\/educaredigital.online\/loja\/wp-json\/wp\/v2\/types\/product"}],"replies":[{"embeddable":true,"href":"https:\/\/educaredigital.online\/loja\/wp-json\/wp\/v2\/comments?post=3447"}],"wp:featuredmedia":[{"embeddable":true,"href":"https:\/\/educaredigital.online\/loja\/wp-json\/wp\/v2\/media\/3649"}],"wp:attachment":[{"href":"https:\/\/educaredigital.online\/loja\/wp-json\/wp\/v2\/media?parent=3447"}],"wp:term":[{"taxonomy":"product_brand","embeddable":true,"href":"https:\/\/educaredigital.online\/loja\/wp-json\/wp\/v2\/product_brand?post=3447"},{"taxonomy":"product_cat","embeddable":true,"href":"https:\/\/educaredigital.online\/loja\/wp-json\/wp\/v2\/product_cat?post=3447"},{"taxonomy":"product_tag","embeddable":true,"href":"https:\/\/educaredigital.online\/loja\/wp-json\/wp\/v2\/product_tag?post=3447"}],"curies":[{"name":"wp","href":"https:\/\/api.w.org\/{rel}","templated":true}]}}