{"id":3446,"date":"2026-03-20T14:04:17","date_gmt":"2026-03-20T14:04:17","guid":{"rendered":"https:\/\/educaredigital.online\/loja\/produto\/colecao-o-que-cabe-no-meu-mundo-4-10-livros\/"},"modified":"2026-03-23T12:42:19","modified_gmt":"2026-03-23T12:42:19","slug":"colecao-o-que-cabe-no-meu-mundo-4-10-livros","status":"publish","type":"product","link":"https:\/\/educaredigital.online\/loja\/produto\/colecao-o-que-cabe-no-meu-mundo-4-10-livros\/","title":{"rendered":"Cole\u00e7\u00e3o: O que cabe no meu mundo 4 &#8211; 10 livros"},"content":{"rendered":"<p data-start=\"0\" data-end=\"374\"><strong><span class=\"hover:entity-accent entity-underline inline cursor-pointer align-baseline\"><span class=\"whitespace-normal\">Cole\u00e7\u00e3o: O Que Cabe no Meu Mundo 4<\/span><\/span><\/strong> \u00e9 composta por 10 livros que aprofundam, de forma leve e acess\u00edvel, temas importantes para o desenvolvimento emocional e social das crian\u00e7as. Por meio de hist\u00f3rias envolventes, a cole\u00e7\u00e3o aborda valores essenciais como empatia, respeito, responsabilidade e conviv\u00eancia, ajudando os pequenos a lidarem melhor com situa\u00e7\u00f5es do dia a dia.<\/p>\n<p data-start=\"376\" data-end=\"645\" data-is-last-node=\"\" data-is-only-node=\"\">Com linguagem simples e ilustra\u00e7\u00f5es encantadoras, cada volume estimula a reflex\u00e3o e o di\u00e1logo, tornando a leitura um momento de aprendizado e conex\u00e3o. Ideal para uso em casa ou na escola, a cole\u00e7\u00e3o contribui para a forma\u00e7\u00e3o de valores de maneira l\u00fadica e significativa.<\/p>\n<div class=\"details-table-wrapper\">\n<table class=\"product-details-table\">\n<tbody>\n<tr>\n<td>Autor<\/td>\n<td>Janayna Alves Brejo<\/td>\n<\/tr>\n<tr>\n<td>ISBN<\/td>\n<td>9788542406047<\/td>\n<\/tr>\n<tr>\n<td>Editora<\/td>\n<td>Editora BomBom Books<\/td>\n<\/tr>\n<\/tbody>\n<\/table>\n<\/div>\n","protected":false},"excerpt":{"rendered":"<p>Cole\u00e7\u00e3o: O Que Cabe no Meu Mundo 4 \u00e9 composta por 10 livros que aprofundam, de forma leve e acess\u00edvel, temas importantes para o desenvolvimento emocional e social das crian\u00e7as. Por meio de hist\u00f3rias envolventes, a cole\u00e7\u00e3o aborda valores essenciais<\/p>\n","protected":false},"featured_media":3445,"comment_status":"open","ping_status":"closed","template":"","meta":[],"product_brand":[],"product_cat":[202,204],"product_tag":[],"class_list":{"0":"post-3446","1":"product","2":"type-product","3":"status-publish","6":"product_cat-fundamental1-1ao3","7":"product_cat-livros-escolares","9":"first","10":"instock","11":"shipping-taxable","12":"purchasable","13":"product-type-simple"},"_links":{"self":[{"href":"https:\/\/educaredigital.online\/loja\/wp-json\/wp\/v2\/product\/3446","targetHints":{"allow":["GET"]}}],"collection":[{"href":"https:\/\/educaredigital.online\/loja\/wp-json\/wp\/v2\/product"}],"about":[{"href":"https:\/\/educaredigital.online\/loja\/wp-json\/wp\/v2\/types\/product"}],"replies":[{"embeddable":true,"href":"https:\/\/educaredigital.online\/loja\/wp-json\/wp\/v2\/comments?post=3446"}],"wp:featuredmedia":[{"embeddable":true,"href":"https:\/\/educaredigital.online\/loja\/wp-json\/wp\/v2\/media\/3445"}],"wp:attachment":[{"href":"https:\/\/educaredigital.online\/loja\/wp-json\/wp\/v2\/media?parent=3446"}],"wp:term":[{"taxonomy":"product_brand","embeddable":true,"href":"https:\/\/educaredigital.online\/loja\/wp-json\/wp\/v2\/product_brand?post=3446"},{"taxonomy":"product_cat","embeddable":true,"href":"https:\/\/educaredigital.online\/loja\/wp-json\/wp\/v2\/product_cat?post=3446"},{"taxonomy":"product_tag","embeddable":true,"href":"https:\/\/educaredigital.online\/loja\/wp-json\/wp\/v2\/product_tag?post=3446"}],"curies":[{"name":"wp","href":"https:\/\/api.w.org\/{rel}","templated":true}]}}