{"id":3437,"date":"2026-03-20T14:04:08","date_gmt":"2026-03-20T14:04:08","guid":{"rendered":"https:\/\/educaredigital.online\/loja\/produto\/adivinhas-para-toda-a-familia\/"},"modified":"2026-03-23T12:04:24","modified_gmt":"2026-03-23T12:04:24","slug":"adivinhas-para-toda-a-familia","status":"publish","type":"product","link":"https:\/\/educaredigital.online\/loja\/produto\/adivinhas-para-toda-a-familia\/","title":{"rendered":"Adivinhas &#8211; para toda a fam\u00edlia"},"content":{"rendered":"<p data-start=\"0\" data-end=\"280\"><strong><span class=\"hover:entity-accent entity-underline inline cursor-pointer align-baseline\"><span class=\"whitespace-normal\">Adivinhas &#8211; Para Toda a Fam\u00edlia<\/span><\/span><\/strong> \u00e9 uma op\u00e7\u00e3o divertida e envolvente para reunir pessoas de todas as idades em momentos de descontra\u00e7\u00e3o. Repleto de enigmas, charadas e perguntas criativas, ele desafia o racioc\u00ednio e estimula a curiosidade de forma leve e bem-humorada.<\/p>\n<p data-start=\"282\" data-end=\"551\" data-is-last-node=\"\" data-is-only-node=\"\">Com linguagem simples e din\u00e2mica, a obra incentiva a intera\u00e7\u00e3o entre crian\u00e7as e adultos, promovendo aprendizado, agilidade mental e muita divers\u00e3o em grupo. Ideal para brincar em fam\u00edlia, o livro transforma qualquer momento em uma experi\u00eancia l\u00fadica e cheia de risadas.<\/p>\n<div class=\"details-table-wrapper\">\n<table class=\"product-details-table\">\n<tbody>\n<tr>\n<td>Autor<\/td>\n<td>\u00a0Susaeta Ediciones S. A.<\/td>\n<\/tr>\n<tr>\n<td>ISBN<\/td>\n<td>9786555303704<\/td>\n<\/tr>\n<tr>\n<td>Editora<\/td>\n<td>Editora Girassol<\/td>\n<\/tr>\n<tr>\n<td>N\u00ba de p\u00e1ginas<\/td>\n<td>160<\/td>\n<\/tr>\n<\/tbody>\n<\/table>\n<\/div>\n","protected":false},"excerpt":{"rendered":"<p>Adivinhas &#8211; Para Toda a Fam\u00edlia \u00e9 uma op\u00e7\u00e3o divertida e envolvente para reunir pessoas de todas as idades em momentos de descontra\u00e7\u00e3o. Repleto de enigmas, charadas e perguntas criativas, ele desafia o racioc\u00ednio e estimula a curiosidade de forma<\/p>\n","protected":false},"featured_media":3436,"comment_status":"open","ping_status":"closed","template":"","meta":[],"product_brand":[],"product_cat":[205,204],"product_tag":[],"class_list":{"0":"post-3437","1":"product","2":"type-product","3":"status-publish","6":"product_cat-fundamental-4-ao-5","7":"product_cat-livros-escolares","9":"first","10":"instock","11":"shipping-taxable","12":"purchasable","13":"product-type-simple"},"_links":{"self":[{"href":"https:\/\/educaredigital.online\/loja\/wp-json\/wp\/v2\/product\/3437","targetHints":{"allow":["GET"]}}],"collection":[{"href":"https:\/\/educaredigital.online\/loja\/wp-json\/wp\/v2\/product"}],"about":[{"href":"https:\/\/educaredigital.online\/loja\/wp-json\/wp\/v2\/types\/product"}],"replies":[{"embeddable":true,"href":"https:\/\/educaredigital.online\/loja\/wp-json\/wp\/v2\/comments?post=3437"}],"wp:featuredmedia":[{"embeddable":true,"href":"https:\/\/educaredigital.online\/loja\/wp-json\/wp\/v2\/media\/3436"}],"wp:attachment":[{"href":"https:\/\/educaredigital.online\/loja\/wp-json\/wp\/v2\/media?parent=3437"}],"wp:term":[{"taxonomy":"product_brand","embeddable":true,"href":"https:\/\/educaredigital.online\/loja\/wp-json\/wp\/v2\/product_brand?post=3437"},{"taxonomy":"product_cat","embeddable":true,"href":"https:\/\/educaredigital.online\/loja\/wp-json\/wp\/v2\/product_cat?post=3437"},{"taxonomy":"product_tag","embeddable":true,"href":"https:\/\/educaredigital.online\/loja\/wp-json\/wp\/v2\/product_tag?post=3437"}],"curies":[{"name":"wp","href":"https:\/\/api.w.org\/{rel}","templated":true}]}}