{"id":3435,"date":"2026-03-20T14:04:06","date_gmt":"2026-03-20T14:04:06","guid":{"rendered":"https:\/\/educaredigital.online\/loja\/produto\/conte-uma-historia\/"},"modified":"2026-03-23T12:04:42","modified_gmt":"2026-03-23T12:04:42","slug":"conte-uma-historia","status":"publish","type":"product","link":"https:\/\/educaredigital.online\/loja\/produto\/conte-uma-historia\/","title":{"rendered":"Conte uma Hist\u00f3ria"},"content":{"rendered":"<p data-start=\"0\" data-end=\"383\"><strong><span class=\"hover:entity-accent entity-underline inline cursor-pointer align-baseline\"><span class=\"whitespace-normal\">Conte uma Hist\u00f3ria<\/span><\/span><\/strong>\u00a0\u00e9 um convite encantador para despertar a criatividade e a imagina\u00e7\u00e3o das crian\u00e7as por meio da arte de contar hist\u00f3rias. Com uma proposta interativa, a obra incentiva os pequenos leitores a participarem ativamente da narrativa, criando, completando e reinventando hist\u00f3rias de maneira divertida.<\/p>\n<p data-start=\"385\" data-end=\"659\" data-is-last-node=\"\" data-is-only-node=\"\">Com linguagem simples e envolvente, o livro estimula o desenvolvimento da express\u00e3o oral, da criatividade e do pensamento criativo. \u00c9 uma excelente ferramenta para momentos em fam\u00edlia ou em sala de aula, tornando a leitura uma experi\u00eancia din\u00e2mica e cheia de possibilidades.<\/p>\n<div class=\"details-table-wrapper\">\n<table class=\"product-details-table\">\n<tbody>\n<tr>\n<td>Autor<\/td>\n<td>C\u00e9lia Ruiz Ib\u00e1\u00f1ez<\/td>\n<\/tr>\n<tr>\n<td>ISBN<\/td>\n<td>9786555302912<\/td>\n<\/tr>\n<tr>\n<td>Editora<\/td>\n<td>Editora Girassol<\/td>\n<\/tr>\n<tr>\n<td>N\u00ba de p\u00e1ginas<\/td>\n<td>128<\/td>\n<\/tr>\n<\/tbody>\n<\/table>\n<\/div>\n","protected":false},"excerpt":{"rendered":"<p>Conte uma Hist\u00f3ria\u00a0\u00e9 um convite encantador para despertar a criatividade e a imagina\u00e7\u00e3o das crian\u00e7as por meio da arte de contar hist\u00f3rias. Com uma proposta interativa, a obra incentiva os pequenos leitores a participarem ativamente da narrativa, criando, completando e<\/p>\n","protected":false},"featured_media":3434,"comment_status":"open","ping_status":"closed","template":"","meta":[],"product_brand":[],"product_cat":[200,204],"product_tag":[],"class_list":{"0":"post-3435","1":"product","2":"type-product","3":"status-publish","6":"product_cat-0-a-3-anos","7":"product_cat-livros-escolares","9":"first","10":"instock","11":"shipping-taxable","12":"purchasable","13":"product-type-simple"},"_links":{"self":[{"href":"https:\/\/educaredigital.online\/loja\/wp-json\/wp\/v2\/product\/3435","targetHints":{"allow":["GET"]}}],"collection":[{"href":"https:\/\/educaredigital.online\/loja\/wp-json\/wp\/v2\/product"}],"about":[{"href":"https:\/\/educaredigital.online\/loja\/wp-json\/wp\/v2\/types\/product"}],"replies":[{"embeddable":true,"href":"https:\/\/educaredigital.online\/loja\/wp-json\/wp\/v2\/comments?post=3435"}],"wp:featuredmedia":[{"embeddable":true,"href":"https:\/\/educaredigital.online\/loja\/wp-json\/wp\/v2\/media\/3434"}],"wp:attachment":[{"href":"https:\/\/educaredigital.online\/loja\/wp-json\/wp\/v2\/media?parent=3435"}],"wp:term":[{"taxonomy":"product_brand","embeddable":true,"href":"https:\/\/educaredigital.online\/loja\/wp-json\/wp\/v2\/product_brand?post=3435"},{"taxonomy":"product_cat","embeddable":true,"href":"https:\/\/educaredigital.online\/loja\/wp-json\/wp\/v2\/product_cat?post=3435"},{"taxonomy":"product_tag","embeddable":true,"href":"https:\/\/educaredigital.online\/loja\/wp-json\/wp\/v2\/product_tag?post=3435"}],"curies":[{"name":"wp","href":"https:\/\/api.w.org\/{rel}","templated":true}]}}