{"id":3431,"date":"2026-03-20T14:04:03","date_gmt":"2026-03-20T14:04:03","guid":{"rendered":"https:\/\/educaredigital.online\/loja\/produto\/turma-da-monica-contos-da-carochinha\/"},"modified":"2026-03-23T11:41:29","modified_gmt":"2026-03-23T11:41:29","slug":"turma-da-monica-contos-da-carochinha","status":"publish","type":"product","link":"https:\/\/educaredigital.online\/loja\/produto\/turma-da-monica-contos-da-carochinha\/","title":{"rendered":"Turma da M\u00f4nica &#8211; Contos da Carochinha"},"content":{"rendered":"<p data-start=\"0\" data-end=\"328\"><strong><span class=\"hover:entity-accent entity-underline inline cursor-pointer align-baseline\"><span class=\"whitespace-normal\">Turma da M\u00f4nica &#8211; Contos da Carochinha<\/span><\/span><\/strong> traz releituras encantadoras dos cl\u00e1ssicos contos de fadas, com a participa\u00e7\u00e3o dos personagens mais queridos do universo da Turma da M\u00f4nica. Hist\u00f3rias tradicionais ganham um toque de humor, leveza e brasilidade, tornando a leitura ainda mais divertida e envolvente para as crian\u00e7as.<\/p>\n<p data-start=\"330\" data-end=\"604\" data-is-last-node=\"\" data-is-only-node=\"\">Com linguagem acess\u00edvel e ilustra\u00e7\u00f5es vibrantes, a obra estimula a imagina\u00e7\u00e3o e o gosto pela leitura, ao mesmo tempo em que transmite valores importantes como amizade, coragem e empatia. \u00c9 uma excelente op\u00e7\u00e3o para apresentar os contos cl\u00e1ssicos de forma l\u00fadica e atualizada.<\/p>\n<div class=\"details-table-wrapper\">\n<table class=\"product-details-table\">\n<tbody>\n<tr>\n<td>Autor<\/td>\n<td>Mar\u00edcio de Souza<\/td>\n<\/tr>\n<tr>\n<td>ISBN<\/td>\n<td>9788539424092<\/td>\n<\/tr>\n<tr>\n<td>Editora<\/td>\n<td>Editora Grirassol<\/td>\n<\/tr>\n<tr>\n<td>N\u00ba de p\u00e1ginas<\/td>\n<td>160<\/td>\n<\/tr>\n<\/tbody>\n<\/table>\n<\/div>\n","protected":false},"excerpt":{"rendered":"<p>Turma da M\u00f4nica &#8211; Contos da Carochinha traz releituras encantadoras dos cl\u00e1ssicos contos de fadas, com a participa\u00e7\u00e3o dos personagens mais queridos do universo da Turma da M\u00f4nica. Hist\u00f3rias tradicionais ganham um toque de humor, leveza e brasilidade, tornando a<\/p>\n","protected":false},"featured_media":3430,"comment_status":"open","ping_status":"closed","template":"","meta":[],"product_brand":[],"product_cat":[202,204],"product_tag":[],"class_list":{"0":"post-3431","1":"product","2":"type-product","3":"status-publish","6":"product_cat-fundamental1-1ao3","7":"product_cat-livros-escolares","9":"first","10":"instock","11":"shipping-taxable","12":"purchasable","13":"product-type-simple"},"_links":{"self":[{"href":"https:\/\/educaredigital.online\/loja\/wp-json\/wp\/v2\/product\/3431","targetHints":{"allow":["GET"]}}],"collection":[{"href":"https:\/\/educaredigital.online\/loja\/wp-json\/wp\/v2\/product"}],"about":[{"href":"https:\/\/educaredigital.online\/loja\/wp-json\/wp\/v2\/types\/product"}],"replies":[{"embeddable":true,"href":"https:\/\/educaredigital.online\/loja\/wp-json\/wp\/v2\/comments?post=3431"}],"wp:featuredmedia":[{"embeddable":true,"href":"https:\/\/educaredigital.online\/loja\/wp-json\/wp\/v2\/media\/3430"}],"wp:attachment":[{"href":"https:\/\/educaredigital.online\/loja\/wp-json\/wp\/v2\/media?parent=3431"}],"wp:term":[{"taxonomy":"product_brand","embeddable":true,"href":"https:\/\/educaredigital.online\/loja\/wp-json\/wp\/v2\/product_brand?post=3431"},{"taxonomy":"product_cat","embeddable":true,"href":"https:\/\/educaredigital.online\/loja\/wp-json\/wp\/v2\/product_cat?post=3431"},{"taxonomy":"product_tag","embeddable":true,"href":"https:\/\/educaredigital.online\/loja\/wp-json\/wp\/v2\/product_tag?post=3431"}],"curies":[{"name":"wp","href":"https:\/\/api.w.org\/{rel}","templated":true}]}}