{"id":3429,"date":"2026-03-20T14:03:58","date_gmt":"2026-03-20T14:03:58","guid":{"rendered":"https:\/\/educaredigital.online\/loja\/produto\/turma-da-monica-contos-de-andersen-grimm-e-perrault-mini\/"},"modified":"2026-03-23T11:04:21","modified_gmt":"2026-03-23T11:04:21","slug":"turma-da-monica-contos-de-andersen-grimm-e-perrault-mini","status":"publish","type":"product","link":"https:\/\/educaredigital.online\/loja\/produto\/turma-da-monica-contos-de-andersen-grimm-e-perrault-mini\/","title":{"rendered":"Turma da M\u00f4nica &#8211; Contos de Andersen. Grimm e Perrault &#8211; Mini"},"content":{"rendered":"<p><strong>Turma da M\u00f4nica \u2013 Contos de Andersen, Grimm e Perrault &#8211; Mini<\/strong> traz os mais famosos contos de fadas da literatura mundial em uma edi\u00e7\u00e3o compacta e encantadora, com as ilustra\u00e7\u00f5es e o humor inconfund\u00edveis dos personagens da Turma da M\u00f4nica.<\/p>\n<p>O formato <strong>MINI<\/strong> \u00e9 ideal para levar para qualquer lugar, proporcionando momentos de leitura prazerosos em casa, na escola ou durante viagens. Com ensinamentos sobre coragem, amizade e bondade, este livro encanta crian\u00e7as e adultos, unindo a magia dos contos de fadas \u00e0 alegria da Turma mais amada do Brasil.<\/p>\n<div class=\"details-table-wrapper\">\n<table class=\"product-details-table\">\n<tbody>\n<tr>\n<td>Autor<\/td>\n<td>Maur\u00edcio de Sousa<\/td>\n<\/tr>\n<tr>\n<td>ISBN<\/td>\n<td>9786555303049<\/td>\n<\/tr>\n<tr>\n<td>Marca<\/td>\n<td>Editora Girassol<\/td>\n<\/tr>\n<tr>\n<td>N\u00ba de p\u00e1ginas<\/td>\n<td>160<\/td>\n<\/tr>\n<\/tbody>\n<\/table>\n<\/div>\n","protected":false},"excerpt":{"rendered":"<p>Turma da M\u00f4nica \u2013 Contos de Andersen, Grimm e Perrault &#8211; Mini traz os mais famosos contos de fadas da literatura mundial em uma edi\u00e7\u00e3o compacta e encantadora, com as ilustra\u00e7\u00f5es e o humor inconfund\u00edveis dos personagens da Turma da<\/p>\n","protected":false},"featured_media":3428,"comment_status":"open","ping_status":"closed","template":"","meta":[],"product_brand":[],"product_cat":[202,204],"product_tag":[],"class_list":{"0":"post-3429","1":"product","2":"type-product","3":"status-publish","6":"product_cat-fundamental1-1ao3","7":"product_cat-livros-escolares","9":"first","10":"instock","11":"shipping-taxable","12":"purchasable","13":"product-type-simple"},"_links":{"self":[{"href":"https:\/\/educaredigital.online\/loja\/wp-json\/wp\/v2\/product\/3429","targetHints":{"allow":["GET"]}}],"collection":[{"href":"https:\/\/educaredigital.online\/loja\/wp-json\/wp\/v2\/product"}],"about":[{"href":"https:\/\/educaredigital.online\/loja\/wp-json\/wp\/v2\/types\/product"}],"replies":[{"embeddable":true,"href":"https:\/\/educaredigital.online\/loja\/wp-json\/wp\/v2\/comments?post=3429"}],"wp:featuredmedia":[{"embeddable":true,"href":"https:\/\/educaredigital.online\/loja\/wp-json\/wp\/v2\/media\/3428"}],"wp:attachment":[{"href":"https:\/\/educaredigital.online\/loja\/wp-json\/wp\/v2\/media?parent=3429"}],"wp:term":[{"taxonomy":"product_brand","embeddable":true,"href":"https:\/\/educaredigital.online\/loja\/wp-json\/wp\/v2\/product_brand?post=3429"},{"taxonomy":"product_cat","embeddable":true,"href":"https:\/\/educaredigital.online\/loja\/wp-json\/wp\/v2\/product_cat?post=3429"},{"taxonomy":"product_tag","embeddable":true,"href":"https:\/\/educaredigital.online\/loja\/wp-json\/wp\/v2\/product_tag?post=3429"}],"curies":[{"name":"wp","href":"https:\/\/api.w.org\/{rel}","templated":true}]}}