{"id":3397,"date":"2026-03-17T13:02:54","date_gmt":"2026-03-17T13:02:54","guid":{"rendered":"https:\/\/educaredigital.online\/loja\/produto\/turma-da-monica-folclore-para-criancas\/"},"modified":"2026-03-23T11:06:34","modified_gmt":"2026-03-23T11:06:34","slug":"turma-da-monica-folclore-para-criancas","status":"publish","type":"product","link":"https:\/\/educaredigital.online\/loja\/produto\/turma-da-monica-folclore-para-criancas\/","title":{"rendered":"Turma da M\u00f4nica &#8211; Folclore para Crian\u00e7as"},"content":{"rendered":"<p><strong>Turma da M\u00f4nica \u2013 Folclore para Crian\u00e7as<\/strong> \u00e9 uma excelente ferramenta para apresentar aos pequenos a magia do folclore brasileiro. Por meio das aventuras da Turma da M\u00f4nica, as crian\u00e7as aprendem sobre lendas e tradi\u00e7\u00f5es de forma leve, educativa e divertida.<\/p>\n<p>O folclore \u00e9 o conjunto de tradi\u00e7\u00f5es, lendas, cantigas e brincadeiras transmitidas de gera\u00e7\u00e3o em gera\u00e7\u00e3o pelo povo. Valorizar o folclore \u00e9 preservar a identidade cultural do Brasil, e este livro \u00e9 a porta de entrada encantadora para que os pequenos descubram essa riqueza ao lado dos personagens que j\u00e1 amam.<\/p>\n<div class=\"details-table-wrapper\">\n<table class=\"product-details-table\">\n<tbody>\n<tr>\n<td>Autor<\/td>\n<td>Maur\u00edcio de Sousa<\/td>\n<\/tr>\n<tr>\n<td>ISBN<\/td>\n<td>9788539424658<\/td>\n<\/tr>\n<tr>\n<td>Marca<\/td>\n<td>Editora Girassol<\/td>\n<\/tr>\n<tr>\n<td>N\u00ba de p\u00e1ginas<\/td>\n<td>160<\/td>\n<\/tr>\n<\/tbody>\n<\/table>\n<\/div>\n","protected":false},"excerpt":{"rendered":"<p>Turma da M\u00f4nica \u2013 Folclore para Crian\u00e7as \u00e9 uma excelente ferramenta para apresentar aos pequenos a magia do folclore brasileiro. Por meio das aventuras da Turma da M\u00f4nica, as crian\u00e7as aprendem sobre lendas e tradi\u00e7\u00f5es de forma leve, educativa e<\/p>\n","protected":false},"featured_media":3422,"comment_status":"open","ping_status":"closed","template":"","meta":[],"product_brand":[],"product_cat":[202,204],"product_tag":[],"class_list":{"0":"post-3397","1":"product","2":"type-product","3":"status-publish","6":"product_cat-fundamental1-1ao3","7":"product_cat-livros-escolares","9":"first","10":"instock","11":"shipping-taxable","12":"purchasable","13":"product-type-simple"},"_links":{"self":[{"href":"https:\/\/educaredigital.online\/loja\/wp-json\/wp\/v2\/product\/3397","targetHints":{"allow":["GET"]}}],"collection":[{"href":"https:\/\/educaredigital.online\/loja\/wp-json\/wp\/v2\/product"}],"about":[{"href":"https:\/\/educaredigital.online\/loja\/wp-json\/wp\/v2\/types\/product"}],"replies":[{"embeddable":true,"href":"https:\/\/educaredigital.online\/loja\/wp-json\/wp\/v2\/comments?post=3397"}],"wp:featuredmedia":[{"embeddable":true,"href":"https:\/\/educaredigital.online\/loja\/wp-json\/wp\/v2\/media\/3422"}],"wp:attachment":[{"href":"https:\/\/educaredigital.online\/loja\/wp-json\/wp\/v2\/media?parent=3397"}],"wp:term":[{"taxonomy":"product_brand","embeddable":true,"href":"https:\/\/educaredigital.online\/loja\/wp-json\/wp\/v2\/product_brand?post=3397"},{"taxonomy":"product_cat","embeddable":true,"href":"https:\/\/educaredigital.online\/loja\/wp-json\/wp\/v2\/product_cat?post=3397"},{"taxonomy":"product_tag","embeddable":true,"href":"https:\/\/educaredigital.online\/loja\/wp-json\/wp\/v2\/product_tag?post=3397"}],"curies":[{"name":"wp","href":"https:\/\/api.w.org\/{rel}","templated":true}]}}