{"id":3396,"date":"2026-03-17T13:02:54","date_gmt":"2026-03-17T13:02:54","guid":{"rendered":"https:\/\/educaredigital.online\/loja\/produto\/turma-da-monica-contos-de-andersen-grimm-e-perrault\/"},"modified":"2026-03-23T11:03:19","modified_gmt":"2026-03-23T11:03:19","slug":"turma-da-monica-contos-de-andersen-grimm-e-perrault","status":"publish","type":"product","link":"https:\/\/educaredigital.online\/loja\/produto\/turma-da-monica-contos-de-andersen-grimm-e-perrault\/","title":{"rendered":"Turma da M\u00f4nica &#8211; Contos de Andersen, Grimm e Perrault"},"content":{"rendered":"<p><strong>Turma da M\u00f4nica \u2013 Contos de Andersen, Grimm e Perrault<\/strong> re\u00fane os mais famosos contos de fadas da literatura mundial em vers\u00f5es ilustradas e adaptadas com o carisma dos personagens da Turma da M\u00f4nica.<\/p>\n<p>Os contos de fadas s\u00e3o narrativas atemporais que encantam gera\u00e7\u00f5es com suas li\u00e7\u00f5es sobre coragem, amizade, bondade e supera\u00e7\u00e3o. Este livro \u00e9 uma oportunidade perfeita para apresentar \u00e0s crian\u00e7as esses cl\u00e1ssicos universais de forma l\u00fadica e acess\u00edvel, estimulando a imagina\u00e7\u00e3o e o gosto pela leitura ao lado dos personagens que j\u00e1 fazem parte do seu dia a dia.<\/p>\n<div class=\"info-section\">\n<p><!-- TABELA LADO ESQUERDO (exatamente como na \u00faltima imagem) --><\/p>\n<div class=\"details-table-wrapper\">\n<table class=\"product-details-table\">\n<tbody>\n<tr>\n<td>Autor<\/td>\n<td>Maur\u00edcio de Sousa<\/td>\n<\/tr>\n<tr>\n<td>ISBN<\/td>\n<td>9788539424078<\/td>\n<\/tr>\n<tr>\n<td>Marca<\/td>\n<td>Editora Girassol<\/td>\n<\/tr>\n<tr>\n<td>N\u00ba de p\u00e1ginas<\/td>\n<td>160<\/td>\n<\/tr>\n<\/tbody>\n<\/table>\n<\/div>\n<\/div>\n","protected":false},"excerpt":{"rendered":"<p>Turma da M\u00f4nica \u2013 Contos de Andersen, Grimm e Perrault re\u00fane os mais famosos contos de fadas da literatura mundial em vers\u00f5es ilustradas e adaptadas com o carisma dos personagens da Turma da M\u00f4nica. Os contos de fadas s\u00e3o narrativas<\/p>\n","protected":false},"featured_media":3420,"comment_status":"open","ping_status":"closed","template":"","meta":[],"product_brand":[],"product_cat":[202,204],"product_tag":[],"class_list":{"0":"post-3396","1":"product","2":"type-product","3":"status-publish","6":"product_cat-fundamental1-1ao3","7":"product_cat-livros-escolares","9":"first","10":"instock","11":"shipping-taxable","12":"purchasable","13":"product-type-simple"},"_links":{"self":[{"href":"https:\/\/educaredigital.online\/loja\/wp-json\/wp\/v2\/product\/3396","targetHints":{"allow":["GET"]}}],"collection":[{"href":"https:\/\/educaredigital.online\/loja\/wp-json\/wp\/v2\/product"}],"about":[{"href":"https:\/\/educaredigital.online\/loja\/wp-json\/wp\/v2\/types\/product"}],"replies":[{"embeddable":true,"href":"https:\/\/educaredigital.online\/loja\/wp-json\/wp\/v2\/comments?post=3396"}],"wp:featuredmedia":[{"embeddable":true,"href":"https:\/\/educaredigital.online\/loja\/wp-json\/wp\/v2\/media\/3420"}],"wp:attachment":[{"href":"https:\/\/educaredigital.online\/loja\/wp-json\/wp\/v2\/media?parent=3396"}],"wp:term":[{"taxonomy":"product_brand","embeddable":true,"href":"https:\/\/educaredigital.online\/loja\/wp-json\/wp\/v2\/product_brand?post=3396"},{"taxonomy":"product_cat","embeddable":true,"href":"https:\/\/educaredigital.online\/loja\/wp-json\/wp\/v2\/product_cat?post=3396"},{"taxonomy":"product_tag","embeddable":true,"href":"https:\/\/educaredigital.online\/loja\/wp-json\/wp\/v2\/product_tag?post=3396"}],"curies":[{"name":"wp","href":"https:\/\/api.w.org\/{rel}","templated":true}]}}