{"id":2272,"date":"2025-12-18T23:17:31","date_gmt":"2025-12-18T23:17:31","guid":{"rendered":"https:\/\/educaredigital.online\/loja\/?post_type=product&#038;p=2272"},"modified":"2025-12-18T23:17:31","modified_gmt":"2025-12-18T23:17:31","slug":"meu-livrinho-dos-porques-por-que-fazemos-coco","status":"publish","type":"product","link":"https:\/\/educaredigital.online\/loja\/produto\/meu-livrinho-dos-porques-por-que-fazemos-coco\/","title":{"rendered":"Meu livrinho dos Porqu\u00eas &#8211; Por que Fazemos Coc\u00f4"},"content":{"rendered":"<p>O que acontece quando damos descarga? Os animais v\u00e3o ao banheiro? Todo mundo vai? Abra e descubra as respostas para estas e muitas outras perguntinhas!<\/p>\n","protected":false},"excerpt":{"rendered":"<p>O que acontece quando damos descarga? Os animais v\u00e3o ao banheiro? Todo mundo vai? Abra e descubra as respostas para estas e muitas outras perguntinhas!<\/p>\n","protected":false},"featured_media":2273,"comment_status":"open","ping_status":"closed","template":"","meta":[],"product_brand":[],"product_cat":[201],"product_tag":[],"class_list":{"0":"post-2272","1":"product","2":"type-product","3":"status-publish","6":"product_cat-livros-4-e-5-anos","8":"first","9":"instock","10":"shipping-taxable","11":"purchasable","12":"product-type-simple"},"_links":{"self":[{"href":"https:\/\/educaredigital.online\/loja\/wp-json\/wp\/v2\/product\/2272","targetHints":{"allow":["GET"]}}],"collection":[{"href":"https:\/\/educaredigital.online\/loja\/wp-json\/wp\/v2\/product"}],"about":[{"href":"https:\/\/educaredigital.online\/loja\/wp-json\/wp\/v2\/types\/product"}],"replies":[{"embeddable":true,"href":"https:\/\/educaredigital.online\/loja\/wp-json\/wp\/v2\/comments?post=2272"}],"wp:featuredmedia":[{"embeddable":true,"href":"https:\/\/educaredigital.online\/loja\/wp-json\/wp\/v2\/media\/2273"}],"wp:attachment":[{"href":"https:\/\/educaredigital.online\/loja\/wp-json\/wp\/v2\/media?parent=2272"}],"wp:term":[{"taxonomy":"product_brand","embeddable":true,"href":"https:\/\/educaredigital.online\/loja\/wp-json\/wp\/v2\/product_brand?post=2272"},{"taxonomy":"product_cat","embeddable":true,"href":"https:\/\/educaredigital.online\/loja\/wp-json\/wp\/v2\/product_cat?post=2272"},{"taxonomy":"product_tag","embeddable":true,"href":"https:\/\/educaredigital.online\/loja\/wp-json\/wp\/v2\/product_tag?post=2272"}],"curies":[{"name":"wp","href":"https:\/\/api.w.org\/{rel}","templated":true}]}}