{"id":2270,"date":"2025-12-18T23:15:05","date_gmt":"2025-12-18T23:15:05","guid":{"rendered":"https:\/\/educaredigital.online\/loja\/?post_type=product&#038;p=2270"},"modified":"2025-12-18T23:15:06","modified_gmt":"2025-12-18T23:15:06","slug":"dinossauro-fantoche","status":"publish","type":"product","link":"https:\/\/educaredigital.online\/loja\/produto\/dinossauro-fantoche\/","title":{"rendered":"Dinossauro &#8211; Fantoche"},"content":{"rendered":"<p>Embarque em uma aventura musical com o dinossauro Doug! Ser\u00e1 que o pequeno dino conseguir\u00e1 participar da competi\u00e7\u00e3o de canto? Descubra neste incr\u00edvel livro com fantoche.<\/p>\n","protected":false},"excerpt":{"rendered":"<p>Embarque em uma aventura musical com o dinossauro Doug! Ser\u00e1 que o pequeno dino conseguir\u00e1 participar da competi\u00e7\u00e3o de canto? Descubra neste incr\u00edvel livro com fantoche.<\/p>\n","protected":false},"featured_media":2271,"comment_status":"open","ping_status":"closed","template":"","meta":[],"product_brand":[],"product_cat":[201],"product_tag":[],"class_list":{"0":"post-2270","1":"product","2":"type-product","3":"status-publish","6":"product_cat-livros-4-e-5-anos","8":"first","9":"instock","10":"shipping-taxable","11":"purchasable","12":"product-type-simple"},"_links":{"self":[{"href":"https:\/\/educaredigital.online\/loja\/wp-json\/wp\/v2\/product\/2270","targetHints":{"allow":["GET"]}}],"collection":[{"href":"https:\/\/educaredigital.online\/loja\/wp-json\/wp\/v2\/product"}],"about":[{"href":"https:\/\/educaredigital.online\/loja\/wp-json\/wp\/v2\/types\/product"}],"replies":[{"embeddable":true,"href":"https:\/\/educaredigital.online\/loja\/wp-json\/wp\/v2\/comments?post=2270"}],"wp:featuredmedia":[{"embeddable":true,"href":"https:\/\/educaredigital.online\/loja\/wp-json\/wp\/v2\/media\/2271"}],"wp:attachment":[{"href":"https:\/\/educaredigital.online\/loja\/wp-json\/wp\/v2\/media?parent=2270"}],"wp:term":[{"taxonomy":"product_brand","embeddable":true,"href":"https:\/\/educaredigital.online\/loja\/wp-json\/wp\/v2\/product_brand?post=2270"},{"taxonomy":"product_cat","embeddable":true,"href":"https:\/\/educaredigital.online\/loja\/wp-json\/wp\/v2\/product_cat?post=2270"},{"taxonomy":"product_tag","embeddable":true,"href":"https:\/\/educaredigital.online\/loja\/wp-json\/wp\/v2\/product_tag?post=2270"}],"curies":[{"name":"wp","href":"https:\/\/api.w.org\/{rel}","templated":true}]}}