{"id":2247,"date":"2025-12-18T22:49:23","date_gmt":"2025-12-18T22:49:23","guid":{"rendered":"https:\/\/educaredigital.online\/loja\/?post_type=product&#038;p=2247"},"modified":"2025-12-18T22:50:10","modified_gmt":"2025-12-18T22:50:10","slug":"veja-eu-sou-feliz","status":"publish","type":"product","link":"https:\/\/educaredigital.online\/loja\/produto\/veja-eu-sou-feliz\/","title":{"rendered":"Veja eu Sou Feroz!"},"content":{"rendered":"<p>Vamos dar um SORRISO? Quer fazer cara de SURPRESA? Olhe no espelho e fa\u00e7a muitas express\u00f5es engra\u00e7adas com este divertido livro sobre sentimentos<\/p>\n","protected":false},"excerpt":{"rendered":"<p>Vamos dar um SORRISO? Quer fazer cara de SURPRESA? Olhe no espelho e fa\u00e7a muitas express\u00f5es engra\u00e7adas com este divertido livro sobre sentimentos<\/p>\n","protected":false},"featured_media":2248,"comment_status":"open","ping_status":"closed","template":"","meta":[],"product_brand":[],"product_cat":[201],"product_tag":[],"class_list":{"0":"post-2247","1":"product","2":"type-product","3":"status-publish","6":"product_cat-livros-4-e-5-anos","8":"first","9":"instock","10":"shipping-taxable","11":"purchasable","12":"product-type-simple"},"_links":{"self":[{"href":"https:\/\/educaredigital.online\/loja\/wp-json\/wp\/v2\/product\/2247","targetHints":{"allow":["GET"]}}],"collection":[{"href":"https:\/\/educaredigital.online\/loja\/wp-json\/wp\/v2\/product"}],"about":[{"href":"https:\/\/educaredigital.online\/loja\/wp-json\/wp\/v2\/types\/product"}],"replies":[{"embeddable":true,"href":"https:\/\/educaredigital.online\/loja\/wp-json\/wp\/v2\/comments?post=2247"}],"wp:featuredmedia":[{"embeddable":true,"href":"https:\/\/educaredigital.online\/loja\/wp-json\/wp\/v2\/media\/2248"}],"wp:attachment":[{"href":"https:\/\/educaredigital.online\/loja\/wp-json\/wp\/v2\/media?parent=2247"}],"wp:term":[{"taxonomy":"product_brand","embeddable":true,"href":"https:\/\/educaredigital.online\/loja\/wp-json\/wp\/v2\/product_brand?post=2247"},{"taxonomy":"product_cat","embeddable":true,"href":"https:\/\/educaredigital.online\/loja\/wp-json\/wp\/v2\/product_cat?post=2247"},{"taxonomy":"product_tag","embeddable":true,"href":"https:\/\/educaredigital.online\/loja\/wp-json\/wp\/v2\/product_tag?post=2247"}],"curies":[{"name":"wp","href":"https:\/\/api.w.org\/{rel}","templated":true}]}}