{"id":2241,"date":"2025-12-18T22:41:06","date_gmt":"2025-12-18T22:41:06","guid":{"rendered":"https:\/\/educaredigital.online\/loja\/?post_type=product&#038;p=2241"},"modified":"2025-12-18T22:42:01","modified_gmt":"2025-12-18T22:42:01","slug":"meu-mundo-fofinho","status":"publish","type":"product","link":"https:\/\/educaredigital.online\/loja\/produto\/meu-mundo-fofinho\/","title":{"rendered":"Meu Mundo Fofinho"},"content":{"rendered":"<p>Um livro fofo e cativante para o beb\u00ea explorar o mundo animal!<\/p>\n<p>-Animais de Estima\u00e7\u00e3o<br \/>\n-Ol\u00e1, Fazenda<br \/>\n-Divers\u00e3o na Selva<br \/>\n-Mundo do Unic\u00f3rnio<\/p>\n","protected":false},"excerpt":{"rendered":"<p>Um livro fofo e cativante para o beb\u00ea explorar o mundo animal! -Animais de Estima\u00e7\u00e3o -Ol\u00e1, Fazenda -Divers\u00e3o na Selva -Mundo do Unic\u00f3rnio<\/p>\n","protected":false},"featured_media":2242,"comment_status":"open","ping_status":"closed","template":"","meta":[],"product_brand":[],"product_cat":[200],"product_tag":[],"class_list":{"0":"post-2241","1":"product","2":"type-product","3":"status-publish","6":"product_cat-0-a-3-anos","8":"first","9":"instock","10":"shipping-taxable","11":"purchasable","12":"product-type-simple"},"_links":{"self":[{"href":"https:\/\/educaredigital.online\/loja\/wp-json\/wp\/v2\/product\/2241","targetHints":{"allow":["GET"]}}],"collection":[{"href":"https:\/\/educaredigital.online\/loja\/wp-json\/wp\/v2\/product"}],"about":[{"href":"https:\/\/educaredigital.online\/loja\/wp-json\/wp\/v2\/types\/product"}],"replies":[{"embeddable":true,"href":"https:\/\/educaredigital.online\/loja\/wp-json\/wp\/v2\/comments?post=2241"}],"wp:featuredmedia":[{"embeddable":true,"href":"https:\/\/educaredigital.online\/loja\/wp-json\/wp\/v2\/media\/2242"}],"wp:attachment":[{"href":"https:\/\/educaredigital.online\/loja\/wp-json\/wp\/v2\/media?parent=2241"}],"wp:term":[{"taxonomy":"product_brand","embeddable":true,"href":"https:\/\/educaredigital.online\/loja\/wp-json\/wp\/v2\/product_brand?post=2241"},{"taxonomy":"product_cat","embeddable":true,"href":"https:\/\/educaredigital.online\/loja\/wp-json\/wp\/v2\/product_cat?post=2241"},{"taxonomy":"product_tag","embeddable":true,"href":"https:\/\/educaredigital.online\/loja\/wp-json\/wp\/v2\/product_tag?post=2241"}],"curies":[{"name":"wp","href":"https:\/\/api.w.org\/{rel}","templated":true}]}}