{"id":2234,"date":"2025-12-18T22:34:32","date_gmt":"2025-12-18T22:34:32","guid":{"rendered":"https:\/\/educaredigital.online\/loja\/?post_type=product&#038;p=2234"},"modified":"2025-12-18T22:35:28","modified_gmt":"2025-12-18T22:35:28","slug":"emocoes-abas-deslizantes","status":"publish","type":"product","link":"https:\/\/educaredigital.online\/loja\/produto\/emocoes-abas-deslizantes\/","title":{"rendered":"Emo\u00e7\u00f5es, Abas Deslizantes"},"content":{"rendered":"<p>Com abas deslizantes, este maravilhoso livro apresenta mecanismos m\u00e1gicos. Uma \u00f3tima op\u00e7\u00e3o de leitura interativa que deixar\u00e1 a crian\u00e7a encantada.<\/p>\n","protected":false},"excerpt":{"rendered":"<p>Com abas deslizantes, este maravilhoso livro apresenta mecanismos m\u00e1gicos. Uma \u00f3tima op\u00e7\u00e3o de leitura interativa que deixar\u00e1 a crian\u00e7a encantada.<\/p>\n","protected":false},"featured_media":2236,"comment_status":"open","ping_status":"closed","template":"","meta":[],"product_brand":[],"product_cat":[200],"product_tag":[],"class_list":{"0":"post-2234","1":"product","2":"type-product","3":"status-publish","6":"product_cat-0-a-3-anos","8":"first","9":"instock","10":"shipping-taxable","11":"purchasable","12":"product-type-simple"},"_links":{"self":[{"href":"https:\/\/educaredigital.online\/loja\/wp-json\/wp\/v2\/product\/2234","targetHints":{"allow":["GET"]}}],"collection":[{"href":"https:\/\/educaredigital.online\/loja\/wp-json\/wp\/v2\/product"}],"about":[{"href":"https:\/\/educaredigital.online\/loja\/wp-json\/wp\/v2\/types\/product"}],"replies":[{"embeddable":true,"href":"https:\/\/educaredigital.online\/loja\/wp-json\/wp\/v2\/comments?post=2234"}],"wp:featuredmedia":[{"embeddable":true,"href":"https:\/\/educaredigital.online\/loja\/wp-json\/wp\/v2\/media\/2236"}],"wp:attachment":[{"href":"https:\/\/educaredigital.online\/loja\/wp-json\/wp\/v2\/media?parent=2234"}],"wp:term":[{"taxonomy":"product_brand","embeddable":true,"href":"https:\/\/educaredigital.online\/loja\/wp-json\/wp\/v2\/product_brand?post=2234"},{"taxonomy":"product_cat","embeddable":true,"href":"https:\/\/educaredigital.online\/loja\/wp-json\/wp\/v2\/product_cat?post=2234"},{"taxonomy":"product_tag","embeddable":true,"href":"https:\/\/educaredigital.online\/loja\/wp-json\/wp\/v2\/product_tag?post=2234"}],"curies":[{"name":"wp","href":"https:\/\/api.w.org\/{rel}","templated":true}]}}