{"id":2232,"date":"2025-12-18T22:33:05","date_gmt":"2025-12-18T22:33:05","guid":{"rendered":"https:\/\/educaredigital.online\/loja\/?post_type=product&#038;p=2232"},"modified":"2025-12-18T22:33:06","modified_gmt":"2025-12-18T22:33:06","slug":"onde-esta-o-meu-pavao","status":"publish","type":"product","link":"https:\/\/educaredigital.online\/loja\/produto\/onde-esta-o-meu-pavao\/","title":{"rendered":"Onde Est\u00e1 O Meu Pav\u00e3o"},"content":{"rendered":"<p>Onde o pav\u00e3o est\u00e1 se escondendo? Uma trilha de pegadas coloridas vai guiar as crian\u00e7as at\u00e9 encontrar o ilustre pav\u00e3o fuj\u00e3o. No meio do caminho, outros amiguinhos animais acompanhar\u00e3o os pequenos nessa jornada. Um livro com textura para passar os dedinhos, perfeito para crian\u00e7as pequenas e curiosas.<\/p>\n","protected":false},"excerpt":{"rendered":"<p>Onde o pav\u00e3o est\u00e1 se escondendo? Uma trilha de pegadas coloridas vai guiar as crian\u00e7as at\u00e9 encontrar o ilustre pav\u00e3o fuj\u00e3o. No meio do caminho, outros amiguinhos animais acompanhar\u00e3o os pequenos nessa jornada. Um livro com textura para passar os<\/p>\n","protected":false},"featured_media":2233,"comment_status":"open","ping_status":"closed","template":"","meta":[],"product_brand":[],"product_cat":[200],"product_tag":[],"class_list":{"0":"post-2232","1":"product","2":"type-product","3":"status-publish","6":"product_cat-0-a-3-anos","8":"first","9":"instock","10":"shipping-taxable","11":"product-type-simple"},"_links":{"self":[{"href":"https:\/\/educaredigital.online\/loja\/wp-json\/wp\/v2\/product\/2232","targetHints":{"allow":["GET"]}}],"collection":[{"href":"https:\/\/educaredigital.online\/loja\/wp-json\/wp\/v2\/product"}],"about":[{"href":"https:\/\/educaredigital.online\/loja\/wp-json\/wp\/v2\/types\/product"}],"replies":[{"embeddable":true,"href":"https:\/\/educaredigital.online\/loja\/wp-json\/wp\/v2\/comments?post=2232"}],"wp:featuredmedia":[{"embeddable":true,"href":"https:\/\/educaredigital.online\/loja\/wp-json\/wp\/v2\/media\/2233"}],"wp:attachment":[{"href":"https:\/\/educaredigital.online\/loja\/wp-json\/wp\/v2\/media?parent=2232"}],"wp:term":[{"taxonomy":"product_brand","embeddable":true,"href":"https:\/\/educaredigital.online\/loja\/wp-json\/wp\/v2\/product_brand?post=2232"},{"taxonomy":"product_cat","embeddable":true,"href":"https:\/\/educaredigital.online\/loja\/wp-json\/wp\/v2\/product_cat?post=2232"},{"taxonomy":"product_tag","embeddable":true,"href":"https:\/\/educaredigital.online\/loja\/wp-json\/wp\/v2\/product_tag?post=2232"}],"curies":[{"name":"wp","href":"https:\/\/api.w.org\/{rel}","templated":true}]}}