{"id":2227,"date":"2025-12-18T22:29:12","date_gmt":"2025-12-18T22:29:12","guid":{"rendered":"https:\/\/educaredigital.online\/loja\/?post_type=product&#038;p=2227"},"modified":"2025-12-18T22:29:13","modified_gmt":"2025-12-18T22:29:13","slug":"cade-filhotinho","status":"publish","type":"product","link":"https:\/\/educaredigital.online\/loja\/produto\/cade-filhotinho\/","title":{"rendered":"Cad\u00ea? Filhotinho"},"content":{"rendered":"<p>s pequenos v\u00e3o adorar brincar com os filhotes fofinhos, imit\u00e1-los e se olhar no espelho! Este \u00e9 um livro especialmente desenvolvido para estimular o desenvolvimento do reconhecimento facial de um jeito interativo e divertido. As risadas est\u00e3o garantidas!<\/p>\n","protected":false},"excerpt":{"rendered":"<p>s pequenos v\u00e3o adorar brincar com os filhotes fofinhos, imit\u00e1-los e se olhar no espelho! Este \u00e9 um livro especialmente desenvolvido para estimular o desenvolvimento do reconhecimento facial de um jeito interativo e divertido. As risadas est\u00e3o garantidas!<\/p>\n","protected":false},"featured_media":2229,"comment_status":"open","ping_status":"closed","template":"","meta":[],"product_brand":[],"product_cat":[200],"product_tag":[],"class_list":{"0":"post-2227","1":"product","2":"type-product","3":"status-publish","6":"product_cat-0-a-3-anos","8":"first","9":"instock","10":"shipping-taxable","11":"purchasable","12":"product-type-simple"},"_links":{"self":[{"href":"https:\/\/educaredigital.online\/loja\/wp-json\/wp\/v2\/product\/2227","targetHints":{"allow":["GET"]}}],"collection":[{"href":"https:\/\/educaredigital.online\/loja\/wp-json\/wp\/v2\/product"}],"about":[{"href":"https:\/\/educaredigital.online\/loja\/wp-json\/wp\/v2\/types\/product"}],"replies":[{"embeddable":true,"href":"https:\/\/educaredigital.online\/loja\/wp-json\/wp\/v2\/comments?post=2227"}],"wp:featuredmedia":[{"embeddable":true,"href":"https:\/\/educaredigital.online\/loja\/wp-json\/wp\/v2\/media\/2229"}],"wp:attachment":[{"href":"https:\/\/educaredigital.online\/loja\/wp-json\/wp\/v2\/media?parent=2227"}],"wp:term":[{"taxonomy":"product_brand","embeddable":true,"href":"https:\/\/educaredigital.online\/loja\/wp-json\/wp\/v2\/product_brand?post=2227"},{"taxonomy":"product_cat","embeddable":true,"href":"https:\/\/educaredigital.online\/loja\/wp-json\/wp\/v2\/product_cat?post=2227"},{"taxonomy":"product_tag","embeddable":true,"href":"https:\/\/educaredigital.online\/loja\/wp-json\/wp\/v2\/product_tag?post=2227"}],"curies":[{"name":"wp","href":"https:\/\/api.w.org\/{rel}","templated":true}]}}