{"id":2211,"date":"2025-12-18T22:02:18","date_gmt":"2025-12-18T22:02:18","guid":{"rendered":"https:\/\/educaredigital.online\/loja\/?post_type=product&#038;p=2211"},"modified":"2026-04-09T17:54:56","modified_gmt":"2026-04-09T17:54:56","slug":"colecao-abra-e-descubra","status":"publish","type":"product","link":"https:\/\/educaredigital.online\/loja\/produto\/colecao-abra-e-descubra\/","title":{"rendered":"Cole\u00e7\u00e3o: Puxe e Descubra"},"content":{"rendered":"<div class=\"ds-message _63c77b1\">\n<div class=\"ds-markdown\">\n<p class=\"ds-markdown-paragraph\"><strong>Cole\u00e7\u00e3o &#8220;Puxe e Descubra&#8221;<\/strong> utiliza o mecanismo de puxar abas para transformar o aprendizado em uma experi\u00eancia interativa e incentivam a descoberta ativa.<\/p>\n<p class=\"ds-markdown-paragraph\">Ideal para a primeira inf\u00e2ncia, a s\u00e9rie associa figuras a conceitos b\u00e1sicos, ajudando no desenvolvimento cognitivo e motor de forma l\u00fadica.<\/p>\n<\/div>\n<\/div>\n<div class=\"details-table-wrapper\">\n<table class=\"product-details-table\">\n<tbody>\n<tr>\n<td>Autor<\/td>\n<td>Susie Brooks<\/td>\n<\/tr>\n<tr>\n<td>Editora<\/td>\n<td>Ciranda Cultural<\/td>\n<\/tr>\n<tr>\n<td>4 t\u00edtulos<\/td>\n<td>Opostos, Sentimentos, Surpresas e Natureza<\/td>\n<\/tr>\n<\/tbody>\n<\/table>\n<\/div>\n","protected":false},"excerpt":{"rendered":"<p>Cole\u00e7\u00e3o &#8220;Puxe e Descubra&#8221; utiliza o mecanismo de puxar abas para transformar o aprendizado em uma experi\u00eancia interativa e incentivam a descoberta ativa. Ideal para a primeira inf\u00e2ncia, a s\u00e9rie associa figuras a conceitos b\u00e1sicos, ajudando no desenvolvimento cognitivo e<\/p>\n","protected":false},"featured_media":7825,"comment_status":"open","ping_status":"closed","template":"","meta":[],"product_brand":[],"product_cat":[200],"product_tag":[],"class_list":{"0":"post-2211","1":"product","2":"type-product","3":"status-publish","6":"product_cat-0-a-3-anos","8":"first","9":"instock","10":"shipping-taxable","11":"purchasable","12":"product-type-simple"},"_links":{"self":[{"href":"https:\/\/educaredigital.online\/loja\/wp-json\/wp\/v2\/product\/2211","targetHints":{"allow":["GET"]}}],"collection":[{"href":"https:\/\/educaredigital.online\/loja\/wp-json\/wp\/v2\/product"}],"about":[{"href":"https:\/\/educaredigital.online\/loja\/wp-json\/wp\/v2\/types\/product"}],"replies":[{"embeddable":true,"href":"https:\/\/educaredigital.online\/loja\/wp-json\/wp\/v2\/comments?post=2211"}],"wp:featuredmedia":[{"embeddable":true,"href":"https:\/\/educaredigital.online\/loja\/wp-json\/wp\/v2\/media\/7825"}],"wp:attachment":[{"href":"https:\/\/educaredigital.online\/loja\/wp-json\/wp\/v2\/media?parent=2211"}],"wp:term":[{"taxonomy":"product_brand","embeddable":true,"href":"https:\/\/educaredigital.online\/loja\/wp-json\/wp\/v2\/product_brand?post=2211"},{"taxonomy":"product_cat","embeddable":true,"href":"https:\/\/educaredigital.online\/loja\/wp-json\/wp\/v2\/product_cat?post=2211"},{"taxonomy":"product_tag","embeddable":true,"href":"https:\/\/educaredigital.online\/loja\/wp-json\/wp\/v2\/product_tag?post=2211"}],"curies":[{"name":"wp","href":"https:\/\/api.w.org\/{rel}","templated":true}]}}