{"id":2209,"date":"2025-12-18T21:59:05","date_gmt":"2025-12-18T21:59:05","guid":{"rendered":"https:\/\/educaredigital.online\/loja\/?post_type=product&#038;p=2209"},"modified":"2025-12-18T21:59:05","modified_gmt":"2025-12-18T21:59:05","slug":"jardim-do-barulho","status":"publish","type":"product","link":"https:\/\/educaredigital.online\/loja\/produto\/jardim-do-barulho\/","title":{"rendered":"Jardim do Barulho"},"content":{"rendered":"<p>Venha descobrir quais animais vivem no jardim e pressione os bot\u00f5es para ouvir os sons que eles fazem. H\u00e1 abelhas, cachorros, p\u00e1ssaros e muito mais!<\/p>\n","protected":false},"excerpt":{"rendered":"<p>Venha descobrir quais animais vivem no jardim e pressione os bot\u00f5es para ouvir os sons que eles fazem. H\u00e1 abelhas, cachorros, p\u00e1ssaros e muito mais!<\/p>\n","protected":false},"featured_media":2210,"comment_status":"open","ping_status":"closed","template":"","meta":[],"product_brand":[],"product_cat":[200],"product_tag":[],"class_list":{"0":"post-2209","1":"product","2":"type-product","3":"status-publish","6":"product_cat-0-a-3-anos","8":"first","9":"instock","10":"shipping-taxable","11":"purchasable","12":"product-type-simple"},"_links":{"self":[{"href":"https:\/\/educaredigital.online\/loja\/wp-json\/wp\/v2\/product\/2209","targetHints":{"allow":["GET"]}}],"collection":[{"href":"https:\/\/educaredigital.online\/loja\/wp-json\/wp\/v2\/product"}],"about":[{"href":"https:\/\/educaredigital.online\/loja\/wp-json\/wp\/v2\/types\/product"}],"replies":[{"embeddable":true,"href":"https:\/\/educaredigital.online\/loja\/wp-json\/wp\/v2\/comments?post=2209"}],"wp:featuredmedia":[{"embeddable":true,"href":"https:\/\/educaredigital.online\/loja\/wp-json\/wp\/v2\/media\/2210"}],"wp:attachment":[{"href":"https:\/\/educaredigital.online\/loja\/wp-json\/wp\/v2\/media?parent=2209"}],"wp:term":[{"taxonomy":"product_brand","embeddable":true,"href":"https:\/\/educaredigital.online\/loja\/wp-json\/wp\/v2\/product_brand?post=2209"},{"taxonomy":"product_cat","embeddable":true,"href":"https:\/\/educaredigital.online\/loja\/wp-json\/wp\/v2\/product_cat?post=2209"},{"taxonomy":"product_tag","embeddable":true,"href":"https:\/\/educaredigital.online\/loja\/wp-json\/wp\/v2\/product_tag?post=2209"}],"curies":[{"name":"wp","href":"https:\/\/api.w.org\/{rel}","templated":true}]}}