{"id":2203,"date":"2025-12-18T21:50:34","date_gmt":"2025-12-18T21:50:34","guid":{"rendered":"https:\/\/educaredigital.online\/loja\/?post_type=product&#038;p=2203"},"modified":"2025-12-18T21:50:34","modified_gmt":"2025-12-18T21:50:34","slug":"colecao-meu-amigo-jesus-noe-daniel-davi","status":"publish","type":"product","link":"https:\/\/educaredigital.online\/loja\/produto\/colecao-meu-amigo-jesus-noe-daniel-davi\/","title":{"rendered":"Cole\u00e7\u00e3o Meu Amigo: -Jesus -No\u00e9 -Daniel -Davi"},"content":{"rendered":"<p>Narrativas cativantes das mais belas hist\u00f3rias da B\u00edblia, encantadoramente ilustradas e com perguntas para fazer refletir e aproximar o pequeno leitor das sagradar escrituras.<\/p>\n","protected":false},"excerpt":{"rendered":"<p>Narrativas cativantes das mais belas hist\u00f3rias da B\u00edblia, encantadoramente ilustradas e com perguntas para fazer refletir e aproximar o pequeno leitor das sagradar escrituras.<\/p>\n","protected":false},"featured_media":2204,"comment_status":"open","ping_status":"closed","template":"","meta":[],"product_brand":[],"product_cat":[200],"product_tag":[],"class_list":{"0":"post-2203","1":"product","2":"type-product","3":"status-publish","6":"product_cat-0-a-3-anos","8":"first","9":"instock","10":"shipping-taxable","11":"purchasable","12":"product-type-simple"},"_links":{"self":[{"href":"https:\/\/educaredigital.online\/loja\/wp-json\/wp\/v2\/product\/2203","targetHints":{"allow":["GET"]}}],"collection":[{"href":"https:\/\/educaredigital.online\/loja\/wp-json\/wp\/v2\/product"}],"about":[{"href":"https:\/\/educaredigital.online\/loja\/wp-json\/wp\/v2\/types\/product"}],"replies":[{"embeddable":true,"href":"https:\/\/educaredigital.online\/loja\/wp-json\/wp\/v2\/comments?post=2203"}],"wp:featuredmedia":[{"embeddable":true,"href":"https:\/\/educaredigital.online\/loja\/wp-json\/wp\/v2\/media\/2204"}],"wp:attachment":[{"href":"https:\/\/educaredigital.online\/loja\/wp-json\/wp\/v2\/media?parent=2203"}],"wp:term":[{"taxonomy":"product_brand","embeddable":true,"href":"https:\/\/educaredigital.online\/loja\/wp-json\/wp\/v2\/product_brand?post=2203"},{"taxonomy":"product_cat","embeddable":true,"href":"https:\/\/educaredigital.online\/loja\/wp-json\/wp\/v2\/product_cat?post=2203"},{"taxonomy":"product_tag","embeddable":true,"href":"https:\/\/educaredigital.online\/loja\/wp-json\/wp\/v2\/product_tag?post=2203"}],"curies":[{"name":"wp","href":"https:\/\/api.w.org\/{rel}","templated":true}]}}