{"id":2201,"date":"2025-12-18T21:48:08","date_gmt":"2025-12-18T21:48:08","guid":{"rendered":"https:\/\/educaredigital.online\/loja\/?post_type=product&#038;p=2201"},"modified":"2026-04-09T17:41:59","modified_gmt":"2026-04-09T17:41:59","slug":"a-dona-aranha-um","status":"publish","type":"product","link":"https:\/\/educaredigital.online\/loja\/produto\/a-dona-aranha-um\/","title":{"rendered":"A Dona Aranha"},"content":{"rendered":"<p>D\u00ea uma nova e divertida guinada nas conhecidas rimas de ninar! As crian\u00e7as v\u00e3o adorar ler e cantar suas favoritas e melodiosas rimas, enquanto levantam curiosas abas que revelam uma divertida surpresa.<\/p>\n","protected":false},"excerpt":{"rendered":"<p>D\u00ea uma nova e divertida guinada nas conhecidas rimas de ninar! As crian\u00e7as v\u00e3o adorar ler e cantar suas favoritas e melodiosas rimas, enquanto levantam curiosas abas que revelam uma divertida surpresa.<\/p>\n","protected":false},"featured_media":2202,"comment_status":"open","ping_status":"closed","template":"","meta":[],"product_brand":[],"product_cat":[200],"product_tag":[],"class_list":{"0":"post-2201","1":"product","2":"type-product","3":"status-publish","6":"product_cat-0-a-3-anos","8":"first","9":"instock","10":"shipping-taxable","11":"purchasable","12":"product-type-simple"},"_links":{"self":[{"href":"https:\/\/educaredigital.online\/loja\/wp-json\/wp\/v2\/product\/2201","targetHints":{"allow":["GET"]}}],"collection":[{"href":"https:\/\/educaredigital.online\/loja\/wp-json\/wp\/v2\/product"}],"about":[{"href":"https:\/\/educaredigital.online\/loja\/wp-json\/wp\/v2\/types\/product"}],"replies":[{"embeddable":true,"href":"https:\/\/educaredigital.online\/loja\/wp-json\/wp\/v2\/comments?post=2201"}],"wp:featuredmedia":[{"embeddable":true,"href":"https:\/\/educaredigital.online\/loja\/wp-json\/wp\/v2\/media\/2202"}],"wp:attachment":[{"href":"https:\/\/educaredigital.online\/loja\/wp-json\/wp\/v2\/media?parent=2201"}],"wp:term":[{"taxonomy":"product_brand","embeddable":true,"href":"https:\/\/educaredigital.online\/loja\/wp-json\/wp\/v2\/product_brand?post=2201"},{"taxonomy":"product_cat","embeddable":true,"href":"https:\/\/educaredigital.online\/loja\/wp-json\/wp\/v2\/product_cat?post=2201"},{"taxonomy":"product_tag","embeddable":true,"href":"https:\/\/educaredigital.online\/loja\/wp-json\/wp\/v2\/product_tag?post=2201"}],"curies":[{"name":"wp","href":"https:\/\/api.w.org\/{rel}","templated":true}]}}