{"id":2196,"date":"2025-12-18T21:42:29","date_gmt":"2025-12-18T21:42:29","guid":{"rendered":"https:\/\/educaredigital.online\/loja\/?post_type=product&#038;p=2196"},"modified":"2025-12-18T22:19:26","modified_gmt":"2025-12-18T22:19:26","slug":"ouvindo-os-animais-amigos-dinossauros","status":"publish","type":"product","link":"https:\/\/educaredigital.online\/loja\/produto\/ouvindo-os-animais-amigos-dinossauros\/","title":{"rendered":"Ouvindo Os Animais &#8211; Amigos Dinossauros"},"content":{"rendered":"<p>O livro \u00e9 indicado para crian\u00e7as pequenas, sendo uma \u00f3tima ferramenta para incentivar a curiosidade e o gosto pela leitura, ao mesmo tempo em que desenvolve habilidades auditivas e cognitivas. Al\u00e9m de educativo, ele promove a intera\u00e7\u00e3o entre pais e filhos durante a leitura, transformando a experi\u00eancia em um momento l\u00fadico e de aprendizado.<\/p>\n","protected":false},"excerpt":{"rendered":"<p>O livro \u00e9 indicado para crian\u00e7as pequenas, sendo uma \u00f3tima ferramenta para incentivar a curiosidade e o gosto pela leitura, ao mesmo tempo em que desenvolve habilidades auditivas e cognitivas. Al\u00e9m de educativo, ele promove a intera\u00e7\u00e3o entre pais e<\/p>\n","protected":false},"featured_media":2198,"comment_status":"open","ping_status":"closed","template":"","meta":[],"product_brand":[],"product_cat":[200],"product_tag":[],"class_list":{"0":"post-2196","1":"product","2":"type-product","3":"status-publish","6":"product_cat-0-a-3-anos","8":"first","9":"instock","10":"shipping-taxable","11":"purchasable","12":"product-type-simple"},"_links":{"self":[{"href":"https:\/\/educaredigital.online\/loja\/wp-json\/wp\/v2\/product\/2196","targetHints":{"allow":["GET"]}}],"collection":[{"href":"https:\/\/educaredigital.online\/loja\/wp-json\/wp\/v2\/product"}],"about":[{"href":"https:\/\/educaredigital.online\/loja\/wp-json\/wp\/v2\/types\/product"}],"replies":[{"embeddable":true,"href":"https:\/\/educaredigital.online\/loja\/wp-json\/wp\/v2\/comments?post=2196"}],"wp:featuredmedia":[{"embeddable":true,"href":"https:\/\/educaredigital.online\/loja\/wp-json\/wp\/v2\/media\/2198"}],"wp:attachment":[{"href":"https:\/\/educaredigital.online\/loja\/wp-json\/wp\/v2\/media?parent=2196"}],"wp:term":[{"taxonomy":"product_brand","embeddable":true,"href":"https:\/\/educaredigital.online\/loja\/wp-json\/wp\/v2\/product_brand?post=2196"},{"taxonomy":"product_cat","embeddable":true,"href":"https:\/\/educaredigital.online\/loja\/wp-json\/wp\/v2\/product_cat?post=2196"},{"taxonomy":"product_tag","embeddable":true,"href":"https:\/\/educaredigital.online\/loja\/wp-json\/wp\/v2\/product_tag?post=2196"}],"curies":[{"name":"wp","href":"https:\/\/api.w.org\/{rel}","templated":true}]}}