{"id":2191,"date":"2025-12-18T21:33:29","date_gmt":"2025-12-18T21:33:29","guid":{"rendered":"https:\/\/educaredigital.online\/loja\/?post_type=product&#038;p=2191"},"modified":"2025-12-18T21:33:30","modified_gmt":"2025-12-18T21:33:30","slug":"quem-faz-zum","status":"publish","type":"product","link":"https:\/\/educaredigital.online\/loja\/produto\/quem-faz-zum\/","title":{"rendered":"Quem Faz- Zum?"},"content":{"rendered":"<p>As crian\u00e7as v\u00e3o adorar usar o menu em abas deste livro interativo como guias para percorrer a obra e descobrir qual ve\u00edculo faz Zum! As abas s\u00e3o perfeitas para as m\u00e3os dos pequenos explorarem o livro. O texto doce e rimado e as ador\u00e1veis ilustra\u00e7\u00f5es envolver\u00e3o os pequenos enquanto leem e acompanham cada p\u00e1gina.<\/p>\n","protected":false},"excerpt":{"rendered":"<p>As crian\u00e7as v\u00e3o adorar usar o menu em abas deste livro interativo como guias para percorrer a obra e descobrir qual ve\u00edculo faz Zum! As abas s\u00e3o perfeitas para as m\u00e3os dos pequenos explorarem o livro. O texto doce e<\/p>\n","protected":false},"featured_media":2192,"comment_status":"open","ping_status":"closed","template":"","meta":[],"product_brand":[],"product_cat":[200],"product_tag":[],"class_list":{"0":"post-2191","1":"product","2":"type-product","3":"status-publish","6":"product_cat-0-a-3-anos","8":"first","9":"instock","10":"shipping-taxable","11":"purchasable","12":"product-type-simple"},"_links":{"self":[{"href":"https:\/\/educaredigital.online\/loja\/wp-json\/wp\/v2\/product\/2191","targetHints":{"allow":["GET"]}}],"collection":[{"href":"https:\/\/educaredigital.online\/loja\/wp-json\/wp\/v2\/product"}],"about":[{"href":"https:\/\/educaredigital.online\/loja\/wp-json\/wp\/v2\/types\/product"}],"replies":[{"embeddable":true,"href":"https:\/\/educaredigital.online\/loja\/wp-json\/wp\/v2\/comments?post=2191"}],"wp:featuredmedia":[{"embeddable":true,"href":"https:\/\/educaredigital.online\/loja\/wp-json\/wp\/v2\/media\/2192"}],"wp:attachment":[{"href":"https:\/\/educaredigital.online\/loja\/wp-json\/wp\/v2\/media?parent=2191"}],"wp:term":[{"taxonomy":"product_brand","embeddable":true,"href":"https:\/\/educaredigital.online\/loja\/wp-json\/wp\/v2\/product_brand?post=2191"},{"taxonomy":"product_cat","embeddable":true,"href":"https:\/\/educaredigital.online\/loja\/wp-json\/wp\/v2\/product_cat?post=2191"},{"taxonomy":"product_tag","embeddable":true,"href":"https:\/\/educaredigital.online\/loja\/wp-json\/wp\/v2\/product_tag?post=2191"}],"curies":[{"name":"wp","href":"https:\/\/api.w.org\/{rel}","templated":true}]}}