{"id":2184,"date":"2025-12-18T21:19:49","date_gmt":"2025-12-18T21:19:49","guid":{"rendered":"https:\/\/educaredigital.online\/loja\/?post_type=product&#038;p=2184"},"modified":"2025-12-18T21:20:40","modified_gmt":"2025-12-18T21:20:40","slug":"colecao-baby-livro-08-unidades","status":"publish","type":"product","link":"https:\/\/educaredigital.online\/loja\/produto\/colecao-baby-livro-08-unidades\/","title":{"rendered":"Cole\u00e7\u00e3o Baby Livro &#8211; 08 unidades"},"content":{"rendered":"<p>BABY LIVRO \u2013 Biblioteca do Beb\u00ea Desenvolvimento e Divers\u00e3o para os Pequenos! Seu beb\u00ea vai adorar explorar o mundo da leitura com este livrinho cartonado super resistente e leve! Com p\u00e1ginas em espiral, ele \u00e9 f\u00e1cil de manusear e perfeito para estimular os primeiros contatos com os livros. Benef\u00edcios: &#8211; Estimula a curiosidade e a imagina\u00e7\u00e3o &#8211; Desenvolve a coordena\u00e7\u00e3o motora e a percep\u00e7\u00e3o visual &#8211; Compacto, leve e f\u00e1cil de levar para qualquer lugar &#8211; Feito com material resistente, seguro para beb\u00eas &#8211; M\u00e9todo de aprendizado Montessori Presente perfeito para o aprendizado e divers\u00e3o! Garanta j\u00e1 o seu e incentive o h\u00e1bito da leitura desde cedo! Envio r\u00e1pido para todo o Brasil! COLE\u00c7\u00c3O EM 8 VOLUMES &#8211; Primeiras Palavras &#8211; N\u00fameros &#8211; Frutas &#8211; Objetos &#8211; Ve\u00edculos &#8211; Animais Marinhos &#8211; Vegetais &#8211; Animais ESPECIFICA\u00c7\u00d5ES: &#8211; Editora: Magic Livros &#8211; Capa: Dura &#8211; P\u00e1ginas: Duras (Cartonado) &#8211; Encaderna\u00e7\u00e3o: Espiral &#8211; Peso: 82g &#8211; P\u00e1ginas: 20 &#8211; Formato: 10 x 11 cm Livro infantil, Livro cartonado, Livro para beb\u00eas, Livro educativo, Livro com espiral, Biblioteca do beb\u00ea, Livro resistente para crian\u00e7as, Livro ilustrado para beb\u00eas, Livro interativo para crian\u00e7as, M\u00e9todo Ensino, Montessori<\/p>\n","protected":false},"excerpt":{"rendered":"<p>BABY LIVRO \u2013 Biblioteca do Beb\u00ea Desenvolvimento e Divers\u00e3o para os Pequenos! Seu beb\u00ea vai adorar explorar o mundo da leitura com este livrinho cartonado super resistente e leve! Com p\u00e1ginas em espiral, ele \u00e9 f\u00e1cil de manusear e perfeito<\/p>\n","protected":false},"featured_media":2186,"comment_status":"open","ping_status":"closed","template":"","meta":[],"product_brand":[],"product_cat":[200],"product_tag":[],"class_list":{"0":"post-2184","1":"product","2":"type-product","3":"status-publish","6":"product_cat-0-a-3-anos","8":"first","9":"instock","10":"shipping-taxable","11":"purchasable","12":"product-type-simple"},"_links":{"self":[{"href":"https:\/\/educaredigital.online\/loja\/wp-json\/wp\/v2\/product\/2184","targetHints":{"allow":["GET"]}}],"collection":[{"href":"https:\/\/educaredigital.online\/loja\/wp-json\/wp\/v2\/product"}],"about":[{"href":"https:\/\/educaredigital.online\/loja\/wp-json\/wp\/v2\/types\/product"}],"replies":[{"embeddable":true,"href":"https:\/\/educaredigital.online\/loja\/wp-json\/wp\/v2\/comments?post=2184"}],"wp:featuredmedia":[{"embeddable":true,"href":"https:\/\/educaredigital.online\/loja\/wp-json\/wp\/v2\/media\/2186"}],"wp:attachment":[{"href":"https:\/\/educaredigital.online\/loja\/wp-json\/wp\/v2\/media?parent=2184"}],"wp:term":[{"taxonomy":"product_brand","embeddable":true,"href":"https:\/\/educaredigital.online\/loja\/wp-json\/wp\/v2\/product_brand?post=2184"},{"taxonomy":"product_cat","embeddable":true,"href":"https:\/\/educaredigital.online\/loja\/wp-json\/wp\/v2\/product_cat?post=2184"},{"taxonomy":"product_tag","embeddable":true,"href":"https:\/\/educaredigital.online\/loja\/wp-json\/wp\/v2\/product_tag?post=2184"}],"curies":[{"name":"wp","href":"https:\/\/api.w.org\/{rel}","templated":true}]}}