{"id":2065,"date":"2025-10-23T18:01:05","date_gmt":"2025-10-23T18:01:05","guid":{"rendered":"https:\/\/educaredigital.online\/loja\/?post_type=product&#038;p=2065"},"modified":"2025-10-23T18:07:09","modified_gmt":"2025-10-23T18:07:09","slug":"banners-educativos","status":"publish","type":"product","link":"https:\/\/educaredigital.online\/loja\/produto\/banners-educativos\/","title":{"rendered":"Banners Educativos"},"content":{"rendered":"<p>Contamos com v\u00e1rios modelos, consulte o tema que precisar.<\/p>\n<p>Confeccionado em lona vinil para impress\u00e3o digital.<\/p>\n<p>A lona \u00e9 soldada nas pontas com coloca\u00e7\u00e3o de madeira e ponteira pl\u00e1stica branca.<\/p>\n","protected":false},"excerpt":{"rendered":"<p>Valor a consultar.<\/p>\n","protected":false},"featured_media":2073,"comment_status":"open","ping_status":"closed","template":"","meta":[],"product_brand":[],"product_cat":[44,22],"product_tag":[],"class_list":{"0":"post-2065","1":"product","2":"type-product","3":"status-publish","6":"product_cat-cienciasetecnologias","7":"product_cat-tecnologia-escola","9":"first","10":"instock","11":"shipping-taxable","12":"product-type-simple"},"_links":{"self":[{"href":"https:\/\/educaredigital.online\/loja\/wp-json\/wp\/v2\/product\/2065","targetHints":{"allow":["GET"]}}],"collection":[{"href":"https:\/\/educaredigital.online\/loja\/wp-json\/wp\/v2\/product"}],"about":[{"href":"https:\/\/educaredigital.online\/loja\/wp-json\/wp\/v2\/types\/product"}],"replies":[{"embeddable":true,"href":"https:\/\/educaredigital.online\/loja\/wp-json\/wp\/v2\/comments?post=2065"}],"wp:featuredmedia":[{"embeddable":true,"href":"https:\/\/educaredigital.online\/loja\/wp-json\/wp\/v2\/media\/2073"}],"wp:attachment":[{"href":"https:\/\/educaredigital.online\/loja\/wp-json\/wp\/v2\/media?parent=2065"}],"wp:term":[{"taxonomy":"product_brand","embeddable":true,"href":"https:\/\/educaredigital.online\/loja\/wp-json\/wp\/v2\/product_brand?post=2065"},{"taxonomy":"product_cat","embeddable":true,"href":"https:\/\/educaredigital.online\/loja\/wp-json\/wp\/v2\/product_cat?post=2065"},{"taxonomy":"product_tag","embeddable":true,"href":"https:\/\/educaredigital.online\/loja\/wp-json\/wp\/v2\/product_tag?post=2065"}],"curies":[{"name":"wp","href":"https:\/\/api.w.org\/{rel}","templated":true}]}}