{"id":2004,"date":"2025-10-17T20:45:28","date_gmt":"2025-10-17T20:45:28","guid":{"rendered":"https:\/\/educaredigital.online\/loja\/?post_type=product&#038;p=2004"},"modified":"2025-10-17T20:45:29","modified_gmt":"2025-10-17T20:45:29","slug":"mesa-de-pebolim-toto-titaniun","status":"publish","type":"product","link":"https:\/\/educaredigital.online\/loja\/produto\/mesa-de-pebolim-toto-titaniun\/","title":{"rendered":"Mesa De Pebolim (Tot\u00f3) Titaniun"},"content":{"rendered":"<p><strong>Constru\u00e7\u00e3o Robusta<\/strong>: A caixa em madeira maci\u00e7a com acabamento em pintura Titanium Metalizada n\u00e3o s\u00f3 confere um visual estiloso e moderno, mas tamb\u00e9m assegura a durabilidade e resist\u00eancia da mesa contra o uso intenso.<\/p>\n<p>TAM: <strong>Medidas da Mesa:\u00a0<\/strong>1,37 x 0,79 x 0,92 m<\/p>\n","protected":false},"excerpt":{"rendered":"<p>Valor a consultar.<\/p>\n","protected":false},"featured_media":2005,"comment_status":"open","ping_status":"closed","template":"","meta":[],"product_brand":[],"product_cat":[48,18],"product_tag":[],"class_list":{"0":"post-2004","1":"product","2":"type-product","3":"status-publish","6":"product_cat-jogosdeequipe","7":"product_cat-recreacao-esporte","9":"first","10":"instock","11":"shipping-taxable","12":"product-type-simple"},"_links":{"self":[{"href":"https:\/\/educaredigital.online\/loja\/wp-json\/wp\/v2\/product\/2004","targetHints":{"allow":["GET"]}}],"collection":[{"href":"https:\/\/educaredigital.online\/loja\/wp-json\/wp\/v2\/product"}],"about":[{"href":"https:\/\/educaredigital.online\/loja\/wp-json\/wp\/v2\/types\/product"}],"replies":[{"embeddable":true,"href":"https:\/\/educaredigital.online\/loja\/wp-json\/wp\/v2\/comments?post=2004"}],"wp:featuredmedia":[{"embeddable":true,"href":"https:\/\/educaredigital.online\/loja\/wp-json\/wp\/v2\/media\/2005"}],"wp:attachment":[{"href":"https:\/\/educaredigital.online\/loja\/wp-json\/wp\/v2\/media?parent=2004"}],"wp:term":[{"taxonomy":"product_brand","embeddable":true,"href":"https:\/\/educaredigital.online\/loja\/wp-json\/wp\/v2\/product_brand?post=2004"},{"taxonomy":"product_cat","embeddable":true,"href":"https:\/\/educaredigital.online\/loja\/wp-json\/wp\/v2\/product_cat?post=2004"},{"taxonomy":"product_tag","embeddable":true,"href":"https:\/\/educaredigital.online\/loja\/wp-json\/wp\/v2\/product_tag?post=2004"}],"curies":[{"name":"wp","href":"https:\/\/api.w.org\/{rel}","templated":true}]}}