{"id":2002,"date":"2025-10-17T20:29:55","date_gmt":"2025-10-17T20:29:55","guid":{"rendered":"https:\/\/educaredigital.online\/loja\/?post_type=product&#038;p=2002"},"modified":"2025-10-17T20:29:56","modified_gmt":"2025-10-17T20:29:56","slug":"mini-mesa-de-ping-pong-multifuncional","status":"publish","type":"product","link":"https:\/\/educaredigital.online\/loja\/produto\/mini-mesa-de-ping-pong-multifuncional\/","title":{"rendered":"Mini Mesa de Ping Pong- Multifuncional"},"content":{"rendered":"<p>Tampo em MDP de 12 mm, com \u00f3timo acabamento em primer azul com linhas demarcat\u00f3rias brancas;<br \/>\nP\u00e9s em madeira maci\u00e7a dobr\u00e1veis;<br \/>\nIdeal para crian\u00e7as e pequenos espa\u00e7os.<br \/>\nAcompanha suporte e rede.<\/p>\n<p>Medidas da Mesa: C x L x A- ( 1,5 x 0,8 x 0,76 ) m.<\/p>\n","protected":false},"excerpt":{"rendered":"<p>Valor a consultar.<\/p>\n","protected":false},"featured_media":2003,"comment_status":"open","ping_status":"closed","template":"","meta":[],"product_brand":[],"product_cat":[48,18],"product_tag":[],"class_list":{"0":"post-2002","1":"product","2":"type-product","3":"status-publish","6":"product_cat-jogosdeequipe","7":"product_cat-recreacao-esporte","9":"first","10":"instock","11":"shipping-taxable","12":"product-type-simple"},"_links":{"self":[{"href":"https:\/\/educaredigital.online\/loja\/wp-json\/wp\/v2\/product\/2002","targetHints":{"allow":["GET"]}}],"collection":[{"href":"https:\/\/educaredigital.online\/loja\/wp-json\/wp\/v2\/product"}],"about":[{"href":"https:\/\/educaredigital.online\/loja\/wp-json\/wp\/v2\/types\/product"}],"replies":[{"embeddable":true,"href":"https:\/\/educaredigital.online\/loja\/wp-json\/wp\/v2\/comments?post=2002"}],"wp:featuredmedia":[{"embeddable":true,"href":"https:\/\/educaredigital.online\/loja\/wp-json\/wp\/v2\/media\/2003"}],"wp:attachment":[{"href":"https:\/\/educaredigital.online\/loja\/wp-json\/wp\/v2\/media?parent=2002"}],"wp:term":[{"taxonomy":"product_brand","embeddable":true,"href":"https:\/\/educaredigital.online\/loja\/wp-json\/wp\/v2\/product_brand?post=2002"},{"taxonomy":"product_cat","embeddable":true,"href":"https:\/\/educaredigital.online\/loja\/wp-json\/wp\/v2\/product_cat?post=2002"},{"taxonomy":"product_tag","embeddable":true,"href":"https:\/\/educaredigital.online\/loja\/wp-json\/wp\/v2\/product_tag?post=2002"}],"curies":[{"name":"wp","href":"https:\/\/api.w.org\/{rel}","templated":true}]}}