{"id":1997,"date":"2025-10-17T19:53:47","date_gmt":"2025-10-17T19:53:47","guid":{"rendered":"https:\/\/educaredigital.online\/loja\/?post_type=product&#038;p=1997"},"modified":"2025-10-17T19:55:05","modified_gmt":"2025-10-17T19:55:05","slug":"pebolim-super-copa","status":"publish","type":"product","link":"https:\/\/educaredigital.online\/loja\/produto\/pebolim-super-copa\/","title":{"rendered":"Pebolim Super Copa"},"content":{"rendered":"<p><span class=\"a-list-item\">O Pebolim Super Copa e pura divers\u00e3o. O grande diferencial do produto e que sua montagem e por encaixe, n\u00e3o necessita de ferramentas. A fabrica\u00e7\u00e3o e em madeira reflorestada e com tinta at\u00f3xica. Conta com um otimo acabamento e adesivos nas laterais e cabeceiras o que torna o visual mais moderno. Indicado para criancas a partir dos 5 anos.<\/span><\/p>\n<p>TAM: 106C x 79L x 77A<\/p>\n","protected":false},"excerpt":{"rendered":"<p>Valor a consultar<\/p>\n","protected":false},"featured_media":1998,"comment_status":"open","ping_status":"closed","template":"","meta":[],"product_brand":[],"product_cat":[48,18],"product_tag":[],"class_list":{"0":"post-1997","1":"product","2":"type-product","3":"status-publish","6":"product_cat-jogosdeequipe","7":"product_cat-recreacao-esporte","9":"first","10":"instock","11":"shipping-taxable","12":"product-type-simple"},"_links":{"self":[{"href":"https:\/\/educaredigital.online\/loja\/wp-json\/wp\/v2\/product\/1997","targetHints":{"allow":["GET"]}}],"collection":[{"href":"https:\/\/educaredigital.online\/loja\/wp-json\/wp\/v2\/product"}],"about":[{"href":"https:\/\/educaredigital.online\/loja\/wp-json\/wp\/v2\/types\/product"}],"replies":[{"embeddable":true,"href":"https:\/\/educaredigital.online\/loja\/wp-json\/wp\/v2\/comments?post=1997"}],"wp:featuredmedia":[{"embeddable":true,"href":"https:\/\/educaredigital.online\/loja\/wp-json\/wp\/v2\/media\/1998"}],"wp:attachment":[{"href":"https:\/\/educaredigital.online\/loja\/wp-json\/wp\/v2\/media?parent=1997"}],"wp:term":[{"taxonomy":"product_brand","embeddable":true,"href":"https:\/\/educaredigital.online\/loja\/wp-json\/wp\/v2\/product_brand?post=1997"},{"taxonomy":"product_cat","embeddable":true,"href":"https:\/\/educaredigital.online\/loja\/wp-json\/wp\/v2\/product_cat?post=1997"},{"taxonomy":"product_tag","embeddable":true,"href":"https:\/\/educaredigital.online\/loja\/wp-json\/wp\/v2\/product_tag?post=1997"}],"curies":[{"name":"wp","href":"https:\/\/api.w.org\/{rel}","templated":true}]}}