{"id":1985,"date":"2025-10-17T19:16:01","date_gmt":"2025-10-17T19:16:01","guid":{"rendered":"https:\/\/educaredigital.online\/loja\/?post_type=product&#038;p=1985"},"modified":"2025-10-17T19:16:02","modified_gmt":"2025-10-17T19:16:02","slug":"kit-agilidades-corporais-31-pecas","status":"publish","type":"product","link":"https:\/\/educaredigital.online\/loja\/produto\/kit-agilidades-corporais-31-pecas\/","title":{"rendered":"Kit Agilidades Corporais (31 Pe\u00e7as)"},"content":{"rendered":"<p>Este conjunto de materiais permite a realiza\u00e7\u00e3o de uma s\u00e9rie de atividades que visam o desenvolvimento da coordena\u00e7\u00e3o din\u00e2mica global da crian\u00e7a. O material tamb\u00e9m pode ser usado para trabalho em grupo e\/ou atividades individuais.<\/p>\n","protected":false},"excerpt":{"rendered":"<p>Valor a consultar.<\/p>\n","protected":false},"featured_media":1986,"comment_status":"open","ping_status":"closed","template":"","meta":[],"product_brand":[],"product_cat":[47,18],"product_tag":[],"class_list":{"0":"post-1985","1":"product","2":"type-product","3":"status-publish","6":"product_cat-esportivos","7":"product_cat-recreacao-esporte","9":"first","10":"instock","11":"shipping-taxable","12":"product-type-simple"},"_links":{"self":[{"href":"https:\/\/educaredigital.online\/loja\/wp-json\/wp\/v2\/product\/1985","targetHints":{"allow":["GET"]}}],"collection":[{"href":"https:\/\/educaredigital.online\/loja\/wp-json\/wp\/v2\/product"}],"about":[{"href":"https:\/\/educaredigital.online\/loja\/wp-json\/wp\/v2\/types\/product"}],"replies":[{"embeddable":true,"href":"https:\/\/educaredigital.online\/loja\/wp-json\/wp\/v2\/comments?post=1985"}],"wp:featuredmedia":[{"embeddable":true,"href":"https:\/\/educaredigital.online\/loja\/wp-json\/wp\/v2\/media\/1986"}],"wp:attachment":[{"href":"https:\/\/educaredigital.online\/loja\/wp-json\/wp\/v2\/media?parent=1985"}],"wp:term":[{"taxonomy":"product_brand","embeddable":true,"href":"https:\/\/educaredigital.online\/loja\/wp-json\/wp\/v2\/product_brand?post=1985"},{"taxonomy":"product_cat","embeddable":true,"href":"https:\/\/educaredigital.online\/loja\/wp-json\/wp\/v2\/product_cat?post=1985"},{"taxonomy":"product_tag","embeddable":true,"href":"https:\/\/educaredigital.online\/loja\/wp-json\/wp\/v2\/product_tag?post=1985"}],"curies":[{"name":"wp","href":"https:\/\/api.w.org\/{rel}","templated":true}]}}