{"id":1983,"date":"2025-10-17T19:05:43","date_gmt":"2025-10-17T19:05:43","guid":{"rendered":"https:\/\/educaredigital.online\/loja\/?post_type=product&#038;p=1983"},"modified":"2025-10-17T19:16:27","modified_gmt":"2025-10-17T19:16:27","slug":"conjunto-de-atividades-e-agilidades-corporais-54-itens","status":"publish","type":"product","link":"https:\/\/educaredigital.online\/loja\/produto\/conjunto-de-atividades-e-agilidades-corporais-54-itens\/","title":{"rendered":"Conjunto de Atividades e Agilidades Corporais (54 Pe\u00e7as)"},"content":{"rendered":"<p>Este conjunto de materiais permite a realiza\u00e7\u00e3o de uma s\u00e9rie de atividades que visam o desenvolvimento da coordena\u00e7\u00e3o din\u00e2mica global da crian\u00e7a. O material tamb\u00e9m pode ser usado para trabalho em grupo e\/ou atividades individuais.<\/p>\n","protected":false},"excerpt":{"rendered":"<p>Valor a consultar.<\/p>\n","protected":false},"featured_media":1984,"comment_status":"open","ping_status":"closed","template":"","meta":[],"product_brand":[],"product_cat":[47,18],"product_tag":[],"class_list":{"0":"post-1983","1":"product","2":"type-product","3":"status-publish","6":"product_cat-esportivos","7":"product_cat-recreacao-esporte","9":"first","10":"instock","11":"shipping-taxable","12":"product-type-simple"},"_links":{"self":[{"href":"https:\/\/educaredigital.online\/loja\/wp-json\/wp\/v2\/product\/1983","targetHints":{"allow":["GET"]}}],"collection":[{"href":"https:\/\/educaredigital.online\/loja\/wp-json\/wp\/v2\/product"}],"about":[{"href":"https:\/\/educaredigital.online\/loja\/wp-json\/wp\/v2\/types\/product"}],"replies":[{"embeddable":true,"href":"https:\/\/educaredigital.online\/loja\/wp-json\/wp\/v2\/comments?post=1983"}],"wp:featuredmedia":[{"embeddable":true,"href":"https:\/\/educaredigital.online\/loja\/wp-json\/wp\/v2\/media\/1984"}],"wp:attachment":[{"href":"https:\/\/educaredigital.online\/loja\/wp-json\/wp\/v2\/media?parent=1983"}],"wp:term":[{"taxonomy":"product_brand","embeddable":true,"href":"https:\/\/educaredigital.online\/loja\/wp-json\/wp\/v2\/product_brand?post=1983"},{"taxonomy":"product_cat","embeddable":true,"href":"https:\/\/educaredigital.online\/loja\/wp-json\/wp\/v2\/product_cat?post=1983"},{"taxonomy":"product_tag","embeddable":true,"href":"https:\/\/educaredigital.online\/loja\/wp-json\/wp\/v2\/product_tag?post=1983"}],"curies":[{"name":"wp","href":"https:\/\/api.w.org\/{rel}","templated":true}]}}