{"id":1981,"date":"2025-10-17T18:58:12","date_gmt":"2025-10-17T18:58:12","guid":{"rendered":"https:\/\/educaredigital.online\/loja\/?post_type=product&#038;p=1981"},"modified":"2025-10-17T19:16:44","modified_gmt":"2025-10-17T19:16:44","slug":"conjunto-de-movimentacao-ativa-73-itens","status":"publish","type":"product","link":"https:\/\/educaredigital.online\/loja\/produto\/conjunto-de-movimentacao-ativa-73-itens\/","title":{"rendered":"Conjunto de Movimenta\u00e7\u00e3o Ativa (73 Pe\u00e7as)"},"content":{"rendered":"<p>Este conjunto de materiais permite a realiza\u00e7\u00e3o de uma s\u00e9rie de atividade que visa o desenvolvimento da coordena\u00e7\u00e3o din\u00e2mica global da crian\u00e7a. Saltar a dist\u00e2ncia, saltar em altura, arremessar argolas, andar sobre a ponte de equil\u00edbrio, s\u00e3o atividade que podem ser proporcionadas \u00e0s crian\u00e7as de formas variadas auxiliando o desenvolvimento psicomotor. Desenvolve: Coordena\u00e7\u00e3o din\u00e2mica global, equil\u00edbrio, orienta\u00e7\u00e3o espa\u00e7o-temporal.<\/p>\n","protected":false},"excerpt":{"rendered":"<p>Valor a Consultar<\/p>\n","protected":false},"featured_media":1982,"comment_status":"open","ping_status":"closed","template":"","meta":[],"product_brand":[],"product_cat":[47,18],"product_tag":[],"class_list":{"0":"post-1981","1":"product","2":"type-product","3":"status-publish","6":"product_cat-esportivos","7":"product_cat-recreacao-esporte","9":"first","10":"instock","11":"shipping-taxable","12":"product-type-simple"},"_links":{"self":[{"href":"https:\/\/educaredigital.online\/loja\/wp-json\/wp\/v2\/product\/1981","targetHints":{"allow":["GET"]}}],"collection":[{"href":"https:\/\/educaredigital.online\/loja\/wp-json\/wp\/v2\/product"}],"about":[{"href":"https:\/\/educaredigital.online\/loja\/wp-json\/wp\/v2\/types\/product"}],"replies":[{"embeddable":true,"href":"https:\/\/educaredigital.online\/loja\/wp-json\/wp\/v2\/comments?post=1981"}],"wp:featuredmedia":[{"embeddable":true,"href":"https:\/\/educaredigital.online\/loja\/wp-json\/wp\/v2\/media\/1982"}],"wp:attachment":[{"href":"https:\/\/educaredigital.online\/loja\/wp-json\/wp\/v2\/media?parent=1981"}],"wp:term":[{"taxonomy":"product_brand","embeddable":true,"href":"https:\/\/educaredigital.online\/loja\/wp-json\/wp\/v2\/product_brand?post=1981"},{"taxonomy":"product_cat","embeddable":true,"href":"https:\/\/educaredigital.online\/loja\/wp-json\/wp\/v2\/product_cat?post=1981"},{"taxonomy":"product_tag","embeddable":true,"href":"https:\/\/educaredigital.online\/loja\/wp-json\/wp\/v2\/product_tag?post=1981"}],"curies":[{"name":"wp","href":"https:\/\/api.w.org\/{rel}","templated":true}]}}