{"id":1971,"date":"2025-10-17T17:21:29","date_gmt":"2025-10-17T17:21:29","guid":{"rendered":"https:\/\/educaredigital.online\/loja\/?post_type=product&#038;p=1971"},"modified":"2025-10-17T17:24:09","modified_gmt":"2025-10-17T17:24:09","slug":"cama-elastica-pula-pula-diversos-tamanhos","status":"publish","type":"product","link":"https:\/\/educaredigital.online\/loja\/produto\/cama-elastica-pula-pula-diversos-tamanhos\/","title":{"rendered":"Cama El\u00e1stica- Pula Pula (Diversos Tamanhos)"},"content":{"rendered":"<h3><strong>Foram desenvolvidas para garantir a divers\u00e3o das crian\u00e7as com total seguran\u00e7a e conforto.<\/strong><\/h3>\n<p>Diversos tamanhos dispon\u00edveis.<\/p>\n<p>Prote\u00e7\u00e3o de molas com revestimento PVC + PE colorido e imperme\u00e1vel com manta expandida \u00e1rea interna.<\/p>\n<p>Lona de salto em polipropileno com prote\u00e7\u00e3o UV, sem emendas e com refer\u00eancia no centro, facilitando a montagem e utiliza\u00e7\u00e3o do produto.<\/p>\n<p>Estrutura 100% em a\u00e7o galvanizado.<\/p>\n<p>Hastes Bi-Partidas galvanizadas revestidas com isotubos blindados com prote\u00e7\u00e3o UV.<\/p>\n<p>Escada c\/degrau colorido Mod. plataforma de pl\u00e1stico(PP) injetado, hastes de a\u00e7o galvanizado.<\/p>\n<p>Rede de prote\u00e7\u00e3o externa em polipropileno multicolorida.<\/p>\n<p>Puxador de molas.<\/p>\n<p><strong>MONTAGEM<\/strong><br \/>\nF\u00e1cil sistema de montagem realizado por encaixe<br \/>\nAcompanha manual de instru\u00e7\u00f5es para montagem.<\/p>\n","protected":false},"excerpt":{"rendered":"<p>Valor a consultar.<\/p>\n","protected":false},"featured_media":1975,"comment_status":"open","ping_status":"closed","template":"","meta":[],"product_brand":[],"product_cat":[45,18],"product_tag":[],"class_list":{"0":"post-1971","1":"product","2":"type-product","3":"status-publish","6":"product_cat-playground-escola","7":"product_cat-recreacao-esporte","9":"first","10":"instock","11":"shipping-taxable","12":"product-type-simple"},"_links":{"self":[{"href":"https:\/\/educaredigital.online\/loja\/wp-json\/wp\/v2\/product\/1971","targetHints":{"allow":["GET"]}}],"collection":[{"href":"https:\/\/educaredigital.online\/loja\/wp-json\/wp\/v2\/product"}],"about":[{"href":"https:\/\/educaredigital.online\/loja\/wp-json\/wp\/v2\/types\/product"}],"replies":[{"embeddable":true,"href":"https:\/\/educaredigital.online\/loja\/wp-json\/wp\/v2\/comments?post=1971"}],"wp:featuredmedia":[{"embeddable":true,"href":"https:\/\/educaredigital.online\/loja\/wp-json\/wp\/v2\/media\/1975"}],"wp:attachment":[{"href":"https:\/\/educaredigital.online\/loja\/wp-json\/wp\/v2\/media?parent=1971"}],"wp:term":[{"taxonomy":"product_brand","embeddable":true,"href":"https:\/\/educaredigital.online\/loja\/wp-json\/wp\/v2\/product_brand?post=1971"},{"taxonomy":"product_cat","embeddable":true,"href":"https:\/\/educaredigital.online\/loja\/wp-json\/wp\/v2\/product_cat?post=1971"},{"taxonomy":"product_tag","embeddable":true,"href":"https:\/\/educaredigital.online\/loja\/wp-json\/wp\/v2\/product_tag?post=1971"}],"curies":[{"name":"wp","href":"https:\/\/api.w.org\/{rel}","templated":true}]}}