{"id":1940,"date":"2025-10-16T18:26:44","date_gmt":"2025-10-16T18:26:44","guid":{"rendered":"https:\/\/educaredigital.online\/loja\/?post_type=product&#038;p=1940"},"modified":"2025-10-16T18:26:56","modified_gmt":"2025-10-16T18:26:56","slug":"troca-bebe","status":"publish","type":"product","link":"https:\/\/educaredigital.online\/loja\/produto\/troca-bebe\/","title":{"rendered":"Troca Beb\u00ea"},"content":{"rendered":"<p>Composi\u00e7\u00e3o<br \/>\n\u2022 Confeccionado em espuma de alta performance;<br \/>\n\u2022 Revestimento de bagum colorido.<\/p>\n<p>TAM: 70X50X10CM<\/p>\n","protected":false},"excerpt":{"rendered":"<p>Valor a consulatr.<\/p>\n","protected":false},"featured_media":1941,"comment_status":"open","ping_status":"closed","template":"","meta":[],"product_brand":[],"product_cat":[46,18],"product_tag":[],"class_list":{"0":"post-1940","1":"product","2":"type-product","3":"status-publish","6":"product_cat-espumados","7":"product_cat-recreacao-esporte","9":"first","10":"instock","11":"shipping-taxable","12":"product-type-simple"},"_links":{"self":[{"href":"https:\/\/educaredigital.online\/loja\/wp-json\/wp\/v2\/product\/1940","targetHints":{"allow":["GET"]}}],"collection":[{"href":"https:\/\/educaredigital.online\/loja\/wp-json\/wp\/v2\/product"}],"about":[{"href":"https:\/\/educaredigital.online\/loja\/wp-json\/wp\/v2\/types\/product"}],"replies":[{"embeddable":true,"href":"https:\/\/educaredigital.online\/loja\/wp-json\/wp\/v2\/comments?post=1940"}],"wp:featuredmedia":[{"embeddable":true,"href":"https:\/\/educaredigital.online\/loja\/wp-json\/wp\/v2\/media\/1941"}],"wp:attachment":[{"href":"https:\/\/educaredigital.online\/loja\/wp-json\/wp\/v2\/media?parent=1940"}],"wp:term":[{"taxonomy":"product_brand","embeddable":true,"href":"https:\/\/educaredigital.online\/loja\/wp-json\/wp\/v2\/product_brand?post=1940"},{"taxonomy":"product_cat","embeddable":true,"href":"https:\/\/educaredigital.online\/loja\/wp-json\/wp\/v2\/product_cat?post=1940"},{"taxonomy":"product_tag","embeddable":true,"href":"https:\/\/educaredigital.online\/loja\/wp-json\/wp\/v2\/product_tag?post=1940"}],"curies":[{"name":"wp","href":"https:\/\/api.w.org\/{rel}","templated":true}]}}