{"id":1934,"date":"2025-10-16T18:21:27","date_gmt":"2025-10-16T18:21:27","guid":{"rendered":"https:\/\/educaredigital.online\/loja\/?post_type=product&#038;p=1934"},"modified":"2025-10-16T18:21:28","modified_gmt":"2025-10-16T18:21:28","slug":"espaco-baby-2-11-pecas","status":"publish","type":"product","link":"https:\/\/educaredigital.online\/loja\/produto\/espaco-baby-2-11-pecas\/","title":{"rendered":"Espa\u00e7o Baby 2 (11 Pe\u00e7as)"},"content":{"rendered":"<p>Composi\u00e7\u00e3o<br \/>\n\u2022 Confeccionado em espuma de alta performance;<br \/>\n\u2022 Revestimento de bagum colorido;<br \/>\n\u2022 Com formatos variados;<br \/>\n\u2022 Fixadas com velcro;<br \/>\n\u2022 Parede com de 20cm de espessura contendo 4 orif\u00edcios;<br \/>\n\u2022 Pe\u00e7as em pl\u00e1stico PVC transparente para incluir atividades.<\/p>\n<p>TAM: 290X180X60CM<\/p>\n","protected":false},"excerpt":{"rendered":"<p>Valor a consulatr.<\/p>\n","protected":false},"featured_media":1935,"comment_status":"open","ping_status":"closed","template":"","meta":[],"product_brand":[],"product_cat":[46,18],"product_tag":[],"class_list":{"0":"post-1934","1":"product","2":"type-product","3":"status-publish","6":"product_cat-espumados","7":"product_cat-recreacao-esporte","9":"first","10":"instock","11":"shipping-taxable","12":"product-type-simple"},"_links":{"self":[{"href":"https:\/\/educaredigital.online\/loja\/wp-json\/wp\/v2\/product\/1934","targetHints":{"allow":["GET"]}}],"collection":[{"href":"https:\/\/educaredigital.online\/loja\/wp-json\/wp\/v2\/product"}],"about":[{"href":"https:\/\/educaredigital.online\/loja\/wp-json\/wp\/v2\/types\/product"}],"replies":[{"embeddable":true,"href":"https:\/\/educaredigital.online\/loja\/wp-json\/wp\/v2\/comments?post=1934"}],"wp:featuredmedia":[{"embeddable":true,"href":"https:\/\/educaredigital.online\/loja\/wp-json\/wp\/v2\/media\/1935"}],"wp:attachment":[{"href":"https:\/\/educaredigital.online\/loja\/wp-json\/wp\/v2\/media?parent=1934"}],"wp:term":[{"taxonomy":"product_brand","embeddable":true,"href":"https:\/\/educaredigital.online\/loja\/wp-json\/wp\/v2\/product_brand?post=1934"},{"taxonomy":"product_cat","embeddable":true,"href":"https:\/\/educaredigital.online\/loja\/wp-json\/wp\/v2\/product_cat?post=1934"},{"taxonomy":"product_tag","embeddable":true,"href":"https:\/\/educaredigital.online\/loja\/wp-json\/wp\/v2\/product_tag?post=1934"}],"curies":[{"name":"wp","href":"https:\/\/api.w.org\/{rel}","templated":true}]}}